{"id":1531,"date":"2020-11-26T10:57:56","date_gmt":"2020-11-26T10:57:56","guid":{"rendered":"https:\/\/ecav.pt\/?page_id=1531"},"modified":"2020-11-26T12:04:10","modified_gmt":"2020-11-26T12:04:10","slug":"medidas-de-prevencao-da-covid-19","status":"publish","type":"page","link":"https:\/\/ecav.pt\/index.php\/medidas-de-prevencao-da-covid-19\/","title":{"rendered":"Medidas de preven\u00e7\u00e3o da COVID-19"},"content":{"rendered":"<div class=\"wpb-content-wrapper\"><p>[vc_row][vc_column][vc_empty_space height=&#8221;50px&#8221;][vc_single_image image=&#8221;1534&#8243; img_size=&#8221;full&#8221; alignment=&#8221;center&#8221;][\/vc_column][\/vc_row][vc_row container=&#8221;1&#8243;][vc_column][vc_column_text]<\/p>\n<h3 style=\"text-align: center;\"><span style=\"color: #71b100;\"><strong>Medidas de preven\u00e7\u00e3o da COVID-19<\/strong><\/span><\/h3>\n<p>[\/vc_column_text][vc_column_text]<\/p>\n<p style=\"text-align: justify;\">Esta nova realidade tem de ser encarada com otimismo e, em simult\u00e2neo, com o compromisso de adotar as medidas necess\u00e1rias de prote\u00e7\u00e3o, de modo, a prevenir a dissemina\u00e7\u00e3o da COVID-19, focadas no conforto, bem-estar e seguran\u00e7a de todos.<\/p>\n<p style=\"text-align: justify;\">Da nossa parte, para al\u00e9m, de implementar os v\u00e1rios procedimentos definidos pelas DGS \u2013 Dire\u00e7\u00e3o Geral da Sa\u00fade, fomos mais \u00e0 frente, e dispomos de um conjunto de equipamentos, nomeadamente, de filtragem de ar puro e irradiante de raios ultravioleta UV-C com o apoio t\u00e9cnico da Spacemedical \u2013 Equipamentos M\u00e9dicos, Lda.<\/p>\n<p>[\/vc_column_text][vc_column_text]<\/p>\n<h4 style=\"text-align: justify;\"><strong>Prote\u00e7\u00e3o individual<\/strong><\/h4>\n<p style=\"text-align: justify;\">A coloca\u00e7\u00e3o e utiliza\u00e7\u00e3o adequada de equipamentos de prote\u00e7\u00e3o individual, nomeadamente, a m\u00e1scara \u00e9 obrigat\u00f3rio em todos os espa\u00e7os e equipamentos ECAV e referenciado em v\u00e1rios locais das nossas instala\u00e7\u00f5es.<\/p>\n<p style=\"text-align: justify;\">A sua utiliza\u00e7\u00e3o, obedece a correta coloca\u00e7\u00e3o, e deve cobrir a \u00e1rea desde o nariz at\u00e9 ao queixo e ajustar-se bem ao rosto para que n\u00e3o haja fugas e a utiliza\u00e7\u00e3o da m\u00e1scara cir\u00fargica s\u00f3 termina quando a coloca no lixo. As m\u00e1scaras atiradas para o ch\u00e3o aumentam n\u00e3o s\u00f3 a polui\u00e7\u00e3o ambiental, mas tamb\u00e9m o risco de propaga\u00e7\u00e3o da COVID-19.<\/p>\n<p>[\/vc_column_text][vc_column_text]<\/p>\n<h4 style=\"text-align: justify;\"><strong>Higiene das m\u00e3os <\/strong><\/h4>\n<p style=\"text-align: justify;\">Disponibilizamos uma solu\u00e7\u00e3o hidroalco\u00f3lica para desinfe\u00e7\u00e3o higi\u00e9nica das m\u00e3os baseada na formula\u00e7\u00e3o recomendada pelo OMS em diversas zonas do interior da escola, assim como, no espa\u00e7o exterior, permitindo que todos os alunos, colaboradores e visitantes presentes nas nossas instala\u00e7\u00f5es possam higienizar devidamente as m\u00e3os e sentirem-se seguros. A solu\u00e7\u00e3o hidroalco\u00f3lica que a escola disponibiliza elimina o v\u00edrus da superf\u00edcie da pele e evita que bact\u00e9rias e v\u00edrus se transmitam no local atrav\u00e9s de manuseamento e contacto, no entanto, salientamos que deve procurar, o mais poss\u00edvel, n\u00e3o levar as m\u00e3os \u00e0 cara.<\/p>\n<p>[\/vc_column_text][vc_column_text]<\/p>\n<h4 style=\"text-align: justify;\"><strong>Distanciamento social <\/strong><\/h4>\n<p style=\"text-align: justify;\">O distanciamento de seguran\u00e7a \u00e9 obrigat\u00f3rio e deve ser cumprido, por todos, e por isso, reformul\u00e1mos o nosso espa\u00e7o, no sentido de permitir fluxos de circula\u00e7\u00e3o com o menor contacto poss\u00edvel, mantendo um espa\u00e7amento entre 1,5 a 2 metros de dist\u00e2ncia para cada lugar de atendimento e\/ou forma\u00e7\u00e3o.<\/p>\n<p style=\"text-align: justify;\">Para auxiliar e assegurar o cumprimento das medidas, coloc\u00e1mos marcas ao longo do espa\u00e7o ECAV, que devem ser, devidamente, respeitados para o bom cumprimento do distanciamento. Na zona da secretaria, a espera para o atendimento deve acontecer no exterior para evitar aglomera\u00e7\u00f5es. O distanciamento f\u00edsico \u00e9 uma das medidas mais eficazes para travar a transmiss\u00e3o do v\u00edrus.<\/p>\n<p>[\/vc_column_text][vc_column_text]<\/p>\n<h4 style=\"text-align: justify;\"><strong>Controlo de temperatura corporal<\/strong><\/h4>\n<p style=\"text-align: justify;\">A medi\u00e7\u00e3o da temperatura corporal \u00e0 entrada das nossas instala\u00e7\u00f5es, por meios n\u00e3o invasivos, atrav\u00e9s da utiliza\u00e7\u00e3o de equipamento adequado para o efeito e que n\u00e3o contenha mem\u00f3ria nem registe as medi\u00e7\u00f5es efetuadas, \u00e9 um equipamento utilizado na ECAV que permite a despistagem de pessoas com temperatura acima do recomendado, dado que, a febre ligeira \u00e9 um dos sintomas associados ao COVID-19, provocado pelo v\u00edrus SARS-CoV-2, sendo a medi\u00e7\u00e3o da temperatura corporal uma das recomenda\u00e7\u00f5es do SNS, como forma de identifica\u00e7\u00e3o de indiv\u00edduos infetados.<\/p>\n<p>[\/vc_column_text][vc_column_text]<\/p>\n<h4 style=\"text-align: justify;\"><strong>Higieniza\u00e7\u00e3o do espa\u00e7o e superf\u00edcies<\/strong><\/h4>\n<p style=\"text-align: justify;\">A higieniza\u00e7\u00e3o dos espa\u00e7os e equipamentos como mobili\u00e1rio, balc\u00f5es, mesas, materiais, pavimentos, bem como, ve\u00edculos, motos e simuladores, \u00e9 efetuada sistematicamente ao longo do dia com um desinfetante de superf\u00edcie adequado com efic\u00e1cia microbiol\u00f3gica que elimina microrganismos prejudiciais.<\/p>\n<p style=\"text-align: justify;\">A limpeza e a desinfe\u00e7\u00e3o de superf\u00edcies \u00e9 uma das medidas mais importantes no combate \u00e0 propaga\u00e7\u00e3o do v\u00edrus.<\/p>\n<p>[\/vc_column_text][vc_column_text]<\/p>\n<h4 style=\"text-align: justify;\"><strong>Arejamento<\/strong><\/h4>\n<p style=\"text-align: justify;\">Para complementar a efic\u00e1cia da higieniza\u00e7\u00e3o, o arejamento dos espa\u00e7os ECAV \u00e9 feito regularmente e em conjunto com todas as medidas regulamentadas, para melhorar a circula\u00e7\u00e3o e ventila\u00e7\u00e3o natural do ar nas nossas instala\u00e7\u00f5es.<\/p>\n<p>[\/vc_column_text][vc_column_text]<\/p>\n<h4 style=\"text-align: justify;\"><strong>Sistema de ar puro Genano<\/strong><\/h4>\n<p style=\"text-align: justify;\">Assumindo que devemos fazer mais do que est\u00e1 regulamentado, dispomos de um novo sistema de filtra\u00e7\u00e3o de ar puro Genano que reduz a carga microbiana de coronav\u00edrus no ar em 99.999%, garantindo seguran\u00e7a em toda a infraestrututra da escola.<\/p>\n<p style=\"text-align: justify;\">A utiliza\u00e7\u00e3o permanente deste equipamento refor\u00e7a o arejamento das divis\u00f5es, estimula a circula\u00e7\u00e3o de ar e filtra todas as part\u00edculas, bact\u00e9rias e micr\u00f3bios, permitindo uma alta efic\u00e1cia na elimina\u00e7\u00e3o de micr\u00f3bios transportados pelo ar. As trocas frequentes de ar garantem que as v\u00e1rias divis\u00f5es da ECAV tenham uma circula\u00e7\u00e3o constante de ar ultra puro, nomeadamente, a \u00e1rea da rece\u00e7\u00e3o, escrit\u00f3rios, salas de aprendizagem e corredores.<\/p>\n<p>[\/vc_column_text][vc_column_text]<\/p>\n<h4 style=\"text-align: justify;\"><strong>Sistema de desinfec\u00e7\u00e3o do ar Led Tailor<\/strong><\/h4>\n<p style=\"text-align: justify;\">Atrav\u00e9s da utiliza\u00e7\u00e3o de um aparelho irradiante de raios ultravioleta UV-C, que atua na inactiva\u00e7\u00e3o de mais de 200 bact\u00e9rias, fungos, micr\u00f3bios e v\u00edrus que poder\u00e3o ser respons\u00e1veis pelo Covid-19, tecnologia que garante uma taxa de efic\u00e1cia acima dos 90% com um tempo de atua\u00e7\u00e3o reduzido e eficaz, conseguimos a elimina\u00e7\u00e3o de v\u00edrus com a destrui\u00e7\u00e3o de bact\u00e9rias e fungos.<\/p>\n<p style=\"text-align: justify;\">O car\u00e1cter port\u00e1til do aparelho permite a sua mobilidade para diferentes divis\u00f5es, garantindo a esteriliza\u00e7\u00e3o das nossas instala\u00e7\u00f5es e superf\u00edcies, de forma, regular.<\/p>\n<p>[\/vc_column_text][vc_empty_space][\/vc_column][\/vc_row]<\/p>\n<\/div>","protected":false},"excerpt":{"rendered":"<p>[vc_row][vc_column][vc_empty_space height=&#8221;50px&#8221;][vc_single_image image=&#8221;1534&#8243; img_size=&#8221;full&#8221; alignment=&#8221;center&#8221;][\/vc_column][\/vc_row][vc_row container=&#8221;1&#8243;][vc_column][vc_column_text] Medidas de preven\u00e7\u00e3o da COVID-19 [\/vc_column_text][vc_column_text] Esta nova realidade tem de ser encarada com otimismo e, em simult\u00e2neo, com o compromisso de adotar as medidas necess\u00e1rias de prote\u00e7\u00e3o, de modo, a prevenir a dissemina\u00e7\u00e3o da COVID-19, focadas no conforto, bem-estar e seguran\u00e7a de todos. Da nossa parte, para al\u00e9m,<\/p>\n","protected":false},"author":1,"featured_media":0,"parent":0,"menu_order":0,"comment_status":"open","ping_status":"closed","template":"tpl-visual_composer.php","meta":{"footnotes":""},"class_list":["post-1531","page","type-page","status-publish","hentry"],"aioseo_notices":[],"_links":{"self":[{"href":"https:\/\/ecav.pt\/index.php\/wp-json\/wp\/v2\/pages\/1531","targetHints":{"allow":["GET"]}}],"collection":[{"href":"https:\/\/ecav.pt\/index.php\/wp-json\/wp\/v2\/pages"}],"about":[{"href":"https:\/\/ecav.pt\/index.php\/wp-json\/wp\/v2\/types\/page"}],"author":[{"embeddable":true,"href":"https:\/\/ecav.pt\/index.php\/wp-json\/wp\/v2\/users\/1"}],"replies":[{"embeddable":true,"href":"https:\/\/ecav.pt\/index.php\/wp-json\/wp\/v2\/comments?post=1531"}],"version-history":[{"count":0,"href":"https:\/\/ecav.pt\/index.php\/wp-json\/wp\/v2\/pages\/1531\/revisions"}],"wp:attachment":[{"href":"https:\/\/ecav.pt\/index.php\/wp-json\/wp\/v2\/media?parent=1531"}],"curies":[{"name":"wp","href":"https:\/\/api.w.org\/{rel}","templated":true}]}}