{"id":503,"date":"2016-10-25T07:55:27","date_gmt":"2016-10-25T07:55:27","guid":{"rendered":"http:\/\/ecav.pt\/home\/?page_id=503"},"modified":"2022-02-08T17:09:59","modified_gmt":"2022-02-08T17:09:59","slug":"contactos","status":"publish","type":"page","link":"https:\/\/ecav.pt\/index.php\/contactos\/","title":{"rendered":"Contactos"},"content":{"rendered":"<div class=\"wpb-content-wrapper\"><p>[vc_row][vc_column]\r\n<!--Info Section-->\r\n<section class=\"info-section contact-section\">\r\n    <div class=\"auto-container\">\r\n        <h2>\u00c9 F\u00c1CIL ENCONTRAR-NOS<\/h2>\r\n        <!--Text-->\r\n        <div class=\"desc-text bitter-font\">\r\n            <p><em>Estamos aqui h\u00e1 mais de 60 anos. Vem visitar-nos ou se tiveres alguma quest\u00e3o telefona ou envia-nos um e-mail. Teremos todo o gosto em esclarecer as tuas d\u00favidas.<\/em> <\/p>\r\n        <\/div>\r\n        \r\n        <!--Contact Info-->\r\n        <div class=\"contact-info\">\r\n            <div class=\"row clearfix\">\r\n                <!--Column-->\r\n                <div class=\"column col-md-4 col-sm-6 col-xs-12\">\r\n                    <span class=\"icon flaticon-location74\"><\/span>\r\n                    <h3>MORADA<\/h3>\r\n                    <p>Alameda Conde de Oeiras, 95<br \/>\n2780-135 Oeiras<\/p>\r\n                <\/div>\r\n                <!--Column-->\r\n                <div class=\"column col-md-4 col-sm-6 col-xs-12\">\r\n                    <span class=\"icon flaticon-telephone51\"><\/span>\r\n                    <h3>CONTACTOS TELEF\u00d3NICOS<\/h3>\r\n                    <p>214 431 107 \/ 214 414 340919 393 002 \/ 919 393 008 (CHAMADA PARA A REDE FIXA NACIONAL E\/OU CHAMADA PARA A REDE M\u00d3VEL NACIONAL)<\/p>\r\n                <\/div>\r\n                <!--Column-->\r\n                <div class=\"column col-md-4 col-sm-6 col-xs-12\">\r\n                    <span class=\"icon flaticon-envelope126\"><\/span>\r\n                    <h3>EMAIL<\/h3>\r\n                    <p>info@ecav.pt<\/p>\r\n                <\/div>\r\n                \r\n            <\/div>\r\n        <\/div>\r\n        \r\n    <\/div>\r\n<\/section>\r\n\r\n[vc_row_inner][vc_column_inner width=&#8221;1\/4&#8243;][\/vc_column_inner][vc_column_inner width=&#8221;1\/2&#8243;][vc_column_text]<\/p>\n<h3 style=\"text-align: center;\"><span style=\"color: #333333;\">Hor\u00e1rio de atendimento da ECAV:<\/span><\/h3>\n<p style=\"text-align: center;\">De 2\u00aa a 6\u00aa das 09:00 \u00e0s 20:00<\/p>\n<p style=\"text-align: center;\">S\u00e1bado das 09:00 \u00e0s 16:00<\/p>\n<p>[\/vc_column_text][\/vc_column_inner][vc_column_inner width=&#8221;1\/4&#8243;][\/vc_column_inner][\/vc_row_inner][vc_row_inner][vc_column_inner width=&#8221;1\/6&#8243;][\/vc_column_inner][vc_column_inner width=&#8221;2\/3&#8243; css=&#8221;.vc_custom_1478199162209{padding-bottom: 20px !important;}&#8221;][vc_single_image image=&#8221;1325&#8243; img_size=&#8221;full&#8221; alignment=&#8221;center&#8221; css_animation=&#8221;appear&#8221;][\/vc_column_inner][vc_column_inner width=&#8221;1\/6&#8243;][\/vc_column_inner][\/vc_row_inner][\/vc_column][\/vc_row][vc_row][vc_column][vc_gmaps link=&#8221;#E-8_JTNDaWZyYW1lJTIwc3JjJTNEJTIyaHR0cHMlM0ElMkYlMkZ3d3cuZ29vZ2xlLmNvbSUyRm1hcHMlMkZlbWJlZCUzRnBiJTNEJTIxMW0xOCUyMTFtMTIlMjExbTMlMjExZDMxMTQuMTcxMDI5ODkwNDEzJTIxMmQtOS4zMjYxMTAxNDg5NDY2MTUlMjEzZDM4LjY5MDkxNTQ2NjU5MzIyJTIxMm0zJTIxMWYwJTIxMmYwJTIxM2YwJTIxM20yJTIxMWkxMDI0JTIxMmk3NjglMjE0ZjEzLjElMjEzbTMlMjExbTIlMjExczB4ZDFlYzhkNjMzMmI3ODMxJTI1M0EweGU1MWI4YmQ4Mzc0ZDdkYmUlMjEyc0FsYW1lZGElMkJDb25kZSUyQk9laXJhcyUyQjk1JTI1MkMlMkJPZWlyYXMlMjE1ZTAlMjEzbTIlMjExc3B0LVBUJTIxMnNwdCUyMTR2MTU0ODMzODM4MDgzNCUyMiUyMHdpZHRoJTNEJTIyMTAwJTI1JTIyJTIwaGVpZ2h0JTNEJTIyNTAwJTIyJTIwZnJhbWVib3JkZXIlM0QlMjIwJTIyJTIwc3R5bGUlM0QlMjJib3JkZXIlM0EwJTIyJTIwYWxsb3dmdWxsc2NyZWVuJTNFJTNDJTJGaWZyYW1lJTNF&#8221;][\/vc_column][\/vc_row][vc_row][vc_column]\n\n\n<!--Contact Section-->\n\n<section class=\"default-section faded-section contact-section\" style=\"background-image:url('');\">\n\n    <div class=\"auto-container small-container\">\n\n            <div class=\"sec-title\">\n\n                <h2>Formul\u00e1rio de Contacto<\/h2>\n\n                <div class=\"text\"><p><\/p><\/div>\n\n            <\/div>\n\n        <!--Contact Form-->\n\n        <div class=\"column contact-form\">\n\n        \t\n<div class=\"wpcf7 no-js\" id=\"wpcf7-f153-o1\" lang=\"en-US\" dir=\"ltr\" data-wpcf7-id=\"153\">\n<div class=\"screen-reader-response\"><p role=\"status\" aria-live=\"polite\" aria-atomic=\"true\"><\/p> <ul><\/ul><\/div>\n<form action=\"\/index.php\/wp-json\/wp\/v2\/pages\/503#wpcf7-f153-o1\" method=\"post\" class=\"wpcf7-form init\" aria-label=\"Contact form\" novalidate=\"novalidate\" data-status=\"init\">\n<fieldset class=\"hidden-fields-container\"><input type=\"hidden\" name=\"_wpcf7\" value=\"153\" \/><input type=\"hidden\" name=\"_wpcf7_version\" value=\"6.1.4\" \/><input type=\"hidden\" name=\"_wpcf7_locale\" value=\"en_US\" \/><input type=\"hidden\" name=\"_wpcf7_unit_tag\" value=\"wpcf7-f153-o1\" \/><input type=\"hidden\" name=\"_wpcf7_container_post\" value=\"0\" \/><input type=\"hidden\" name=\"_wpcf7_posted_data_hash\" value=\"\" \/>\n<\/fieldset>\n<div class=\"row clearfix\">\n\t<div class=\"col-md-4 col-sm-6 col-xs-12 form-group\">\n\t\t<p><span class=\"wpcf7-form-control-wrap\" data-name=\"text-355\"><input size=\"40\" maxlength=\"400\" class=\"wpcf7-form-control wpcf7-text wpcf7-validates-as-required\" aria-required=\"true\" aria-invalid=\"false\" placeholder=\"Nome\" value=\"\" type=\"text\" name=\"text-355\" \/><\/span>\n\t\t<\/p>\n\t<\/div>\n\t<div class=\"col-md-4 col-sm-6 col-xs-12 form-group\">\n\t\t<p><span class=\"wpcf7-form-control-wrap\" data-name=\"email-856\"><input size=\"40\" maxlength=\"400\" class=\"wpcf7-form-control wpcf7-email wpcf7-validates-as-required wpcf7-text wpcf7-validates-as-email\" aria-required=\"true\" aria-invalid=\"false\" placeholder=\"Email\" value=\"\" type=\"email\" name=\"email-856\" \/><\/span>\n\t\t<\/p>\n\t<\/div>\n\t<div class=\"col-md-4 col-sm-6 col-xs-12 form-group\">\n\t\t<p><span class=\"wpcf7-form-control-wrap\" data-name=\"text-356\"><input size=\"40\" maxlength=\"400\" class=\"wpcf7-form-control wpcf7-text wpcf7-validates-as-required\" aria-required=\"true\" aria-invalid=\"false\" placeholder=\"Assunto\" value=\"\" type=\"text\" name=\"text-356\" \/><\/span>\n\t\t<\/p>\n\t<\/div>\n\t<div class=\"col-md-12 col-sm-12 col-xs-12 form-group\">\n\t\t<p><span class=\"wpcf7-form-control-wrap\" data-name=\"textarea-483\"><textarea cols=\"40\" rows=\"10\" maxlength=\"2000\" class=\"wpcf7-form-control wpcf7-textarea\" aria-invalid=\"false\" placeholder=\"Mensagem\" name=\"textarea-483\"><\/textarea><\/span>\n\t\t<\/p>\n\t<\/div>\n\t<div class=\"col-md-12 col-sm-12 col-xs-12 form-group\">\n\t<\/div>\n\t<div class=\"col-md-12 col-sm-12 col-xs-12 form-group text-center\">\n\t\t<div class=\"cf7-cf-turnstile\" style=\"margin-top: 0px; margin-bottom: -15px;\"> <div id=\"cf-turnstile-cf7-1911395898\" class=\"cf-turnstile\" data-sitekey=\"0x4AAAAAABlB9fb1_UFnYQOf\" data-theme=\"light\" data-language=\"auto\" data-size=\"normal\" data-retry=\"auto\" data-retry-interval=\"1000\" data-action=\"contact-form-7\" data-appearance=\"always\"><\/div> <script>document.addEventListener(\"DOMContentLoaded\", function() { setTimeout(function(){ var e=document.getElementById(\"cf-turnstile-cf7-1911395898\"); e&&!e.innerHTML.trim()&&(turnstile.remove(\"#cf-turnstile-cf7-1911395898\"), turnstile.render(\"#cf-turnstile-cf7-1911395898\", {sitekey:\"0x4AAAAAABlB9fb1_UFnYQOf\"})); }, 0); });<\/script> <br class=\"cf-turnstile-br cf-turnstile-br-cf7-1911395898\"> <style>#cf-turnstile-cf7-1911395898 { margin-left: -15px; }<\/style> <script>document.addEventListener(\"DOMContentLoaded\",function(){document.querySelectorAll('.wpcf7-form').forEach(function(e){e.addEventListener('submit',function(){if(document.getElementById('cf-turnstile-cf7-1911395898')){setTimeout(function(){turnstile.reset('#cf-turnstile-cf7-1911395898');},1000)}})})});<\/script> <\/div><br\/><input class=\"wpcf7-form-control wpcf7-submit has-spinner\" type=\"submit\" value=\"Enviar\" \/>\n\t\t<\/p>\n\t<\/div>\n<\/div><div class=\"wpcf7-response-output\" aria-hidden=\"true\"><\/div>\n<\/form>\n<\/div>\n\n        <\/div>\n\n        \n\n\t\t<!--Separator-->\n\n            <div class=\"separator big-separator\"><\/div>\n\n           \n\n           <!--Footer Content-->\n\n            <div class=\"footer-content\">\n\n            \t\n\n                \n                    <!--Social Links-->\n\n                    <div class=\"social-links\">\n\n                        \n                            <a target=\"_blank\" title=\"Facebook\" href=\"https:\/\/www.facebook.com\/ecav1962\"><span class=\"fa fa-facebook\"><\/span><\/a>\n\n                        \n                            <a target=\"_blank\" title=\"Youtube\" href=\"https:\/\/www.youtube.com\/user\/ECAV1962?feature=watch\"><span class=\"fa fa-youtube\"><\/span><\/a>\n\n                        \n                            <a target=\"_blank\" title=\"Twitter\" href=\"https:\/\/twitter.com\/ECAV1962\"><span class=\"fa fa-twitter\"><\/span><\/a>\n\n                        \n                            <a target=\"_blank\" title=\"Instagram\" href=\"https:\/\/www.instagram.com\/ecav1962\/?hl=pt\"><span class=\"fa fa-instagram\"><\/span><\/a>\n\n                        \n                    <\/div>\n\n                \n\n\t\t\t\t\n\n\n                <div class=\"copyright\">&copy; 1999-2019, ECAV, All Rights Reserved | Powered by Art Web Design <\/div>\n\n            <\/div>\n\n    <\/div>\n\n<\/section>\n\n\n\n[\/vc_column][\/vc_row]<\/p>\n<\/div>","protected":false},"excerpt":{"rendered":"<p>[vc_row][vc_column][vc_row_inner][vc_column_inner width=&#8221;1\/4&#8243;][\/vc_column_inner][vc_column_inner width=&#8221;1\/2&#8243;][vc_column_text] Hor\u00e1rio de atendimento da ECAV: De 2\u00aa a 6\u00aa das 09:00 \u00e0s 20:00 S\u00e1bado das 09:00 \u00e0s 16:00 [\/vc_column_text][\/vc_column_inner][vc_column_inner width=&#8221;1\/4&#8243;][\/vc_column_inner][\/vc_row_inner][vc_row_inner][vc_column_inner width=&#8221;1\/6&#8243;][\/vc_column_inner][vc_column_inner width=&#8221;2\/3&#8243; css=&#8221;.vc_custom_1478199162209{padding-bottom: 20px !important;}&#8221;][vc_single_image image=&#8221;1325&#8243; img_size=&#8221;full&#8221; alignment=&#8221;center&#8221; css_animation=&#8221;appear&#8221;][\/vc_column_inner][vc_column_inner width=&#8221;1\/6&#8243;][\/vc_column_inner][\/vc_row_inner][\/vc_column][\/vc_row][vc_row][vc_column][vc_gmaps link=&#8221;#E-8_JTNDaWZyYW1lJTIwc3JjJTNEJTIyaHR0cHMlM0ElMkYlMkZ3d3cuZ29vZ2xlLmNvbSUyRm1hcHMlMkZlbWJlZCUzRnBiJTNEJTIxMW0xOCUyMTFtMTIlMjExbTMlMjExZDMxMTQuMTcxMDI5ODkwNDEzJTIxMmQtOS4zMjYxMTAxNDg5NDY2MTUlMjEzZDM4LjY5MDkxNTQ2NjU5MzIyJTIxMm0zJTIxMWYwJTIxMmYwJTIxM2YwJTIxM20yJTIxMWkxMDI0JTIxMmk3NjglMjE0ZjEzLjElMjEzbTMlMjExbTIlMjExczB4ZDFlYzhkNjMzMmI3ODMxJTI1M0EweGU1MWI4YmQ4Mzc0ZDdkYmUlMjEyc0FsYW1lZGElMkJDb25kZSUyQk9laXJhcyUyQjk1JTI1MkMlMkJPZWlyYXMlMjE1ZTAlMjEzbTIlMjExc3B0LVBUJTIxMnNwdCUyMTR2MTU0ODMzODM4MDgzNCUyMiUyMHdpZHRoJTNEJTIyMTAwJTI1JTIyJTIwaGVpZ2h0JTNEJTIyNTAwJTIyJTIwZnJhbWVib3JkZXIlM0QlMjIwJTIyJTIwc3R5bGUlM0QlMjJib3JkZXIlM0EwJTIyJTIwYWxsb3dmdWxsc2NyZWVuJTNFJTNDJTJGaWZyYW1lJTNF&#8221;][\/vc_column][\/vc_row][vc_row][vc_column][\/vc_column][\/vc_row]<\/p>\n","protected":false},"author":1,"featured_media":0,"parent":0,"menu_order":0,"comment_status":"open","ping_status":"closed","template":"tpl-visual_composer.php","meta":{"footnotes":""},"class_list":["post-503","page","type-page","status-publish","hentry"],"aioseo_notices":[],"_links":{"self":[{"href":"https:\/\/ecav.pt\/index.php\/wp-json\/wp\/v2\/pages\/503","targetHints":{"allow":["GET"]}}],"collection":[{"href":"https:\/\/ecav.pt\/index.php\/wp-json\/wp\/v2\/pages"}],"about":[{"href":"https:\/\/ecav.pt\/index.php\/wp-json\/wp\/v2\/types\/page"}],"author":[{"embeddable":true,"href":"https:\/\/ecav.pt\/index.php\/wp-json\/wp\/v2\/users\/1"}],"replies":[{"embeddable":true,"href":"https:\/\/ecav.pt\/index.php\/wp-json\/wp\/v2\/comments?post=503"}],"version-history":[{"count":0,"href":"https:\/\/ecav.pt\/index.php\/wp-json\/wp\/v2\/pages\/503\/revisions"}],"wp:attachment":[{"href":"https:\/\/ecav.pt\/index.php\/wp-json\/wp\/v2\/media?parent=503"}],"curies":[{"name":"wp","href":"https:\/\/api.w.org\/{rel}","templated":true}]}}