{"id":542,"date":"2016-10-26T14:38:32","date_gmt":"2016-10-26T14:38:32","guid":{"rendered":"http:\/\/ecav.pt\/home\/?page_id=542"},"modified":"2019-06-18T14:26:41","modified_gmt":"2019-06-18T14:26:41","slug":"noticias","status":"publish","type":"page","link":"https:\/\/ecav.pt\/index.php\/noticias\/","title":{"rendered":"Not\u00edcias"},"content":{"rendered":"<div class=\"wpb-content-wrapper\"><p>[vc_row container=&#8221;1&#8243;][vc_column width=&#8221;3\/4&#8243; css=&#8221;.vc_custom_1477931500653{margin-top: 50px !important;}&#8221;]   \r\n  \r\n <!--Column-->\r\n<div class=\"\">\r\n    <div class=\"row clearfix\">\r\n        <div class=\"column blog-container two-col blog-section\">\r\n        <h2><\/h2>\r\n            <div class=\"row clearfix\">\r\n                \r\n                                \r\n                <!--Blog Post-->\r\n                <div class=\"col-md-6 col-sm-12 col-xs-12 blog-post wow fadeInLeft\" data-wow-delay=\"0ms\" data-wow-duration=\"1500ms\">\r\n                    <article class=\"inner-box\">\r\n                        <!--Image-->\r\n                        <figure class=\"image-box\">\r\n                            <a href=\"https:\/\/ecav.pt\/index.php\/2022\/03\/10\/a-ecav-comemorou-60-anos\/\"><img loading=\"lazy\" decoding=\"async\" width=\"625\" height=\"401\" src=\"https:\/\/ecav.pt\/wp-content\/uploads\/2022\/03\/ecav-60-625x401.jpg\" class=\"img-responsive wp-post-image\" alt=\"\" \/><\/a>\r\n                            <div class=\"post-options\">\r\n                                \t\r\n                                <a href=\"https:\/\/ecav.pt\/index.php\/2022\/03\/10\/a-ecav-comemorou-60-anos\/\" class=\"plus-icon img-circle\"><span class=\"icon flaticon-news37\"><\/span><\/a>\r\n                                <a href=\"javascript:void(0);\" class=\"heart-icon img-circle jolly_like_it\" data-id=\"1732\"><span class=\"icon fa fa-heart\"><\/span><\/a>\r\n                            <\/div>\r\n                        <\/figure>\r\n                        <!--Lower Content-->\r\n                        <div class=\"lower-part\">\r\n                            <div class=\"post-info\">\r\n                                Publicado em<a href=\"https:\/\/ecav.pt\/index.php\/2022\/03\/\"><strong>Mar 10, 2022<\/strong><\/a>\r\n                            <\/div>\r\n                            <div class=\"post-title\"><h3><a href=\"https:\/\/ecav.pt\/index.php\/2022\/03\/10\/a-ecav-comemorou-60-anos\/\">A ECAV comemorou 60 anos<\/a><\/h3><\/div>\r\n                            <div class=\"post-text\">[vc_row][vc_column width=&#8221;1\/2&#8243;][vc_column_text] No dia 5 de Fevereiro de 2022, a ECAV &#8211; Escola de Condu\u00e7\u00e3o Armando Vitor comemorou 60 anos. ...<\/div>\r\n                            \r\n                            <div class=\"post-info lower\">\r\n                                <i class=\"fa fa-comments\"><\/i> &nbsp; <a href=\"https:\/\/ecav.pt\/index.php\/2022\/03\/10\/a-ecav-comemorou-60-anos\/#comments\"><strong>Sem coment\u00e1rios<\/strong> &nbsp; &nbsp; &nbsp;<\/a> | &nbsp; &nbsp; <a href=\"#\"><i class=\"fa fa-tag\"><\/i> &nbsp; <a href=\"https:\/\/ecav.pt\/index.php\/category\/noticias\/\" rel=\"category tag\">Not\u00edcias<\/a><\/a>\r\n                                <span class=\"pull-right\"><a href=\"https:\/\/ecav.pt\/index.php\/2022\/03\/10\/a-ecav-comemorou-60-anos\/\" class=\"theme-btn read-more\">Ler Mais<\/a><\/span>\r\n                            <\/div>\r\n                        <\/div>\r\n                    <\/article>\r\n                <\/div>\r\n                \r\n                                \r\n                <!--Blog Post-->\r\n                <div class=\"col-md-6 col-sm-12 col-xs-12 blog-post wow fadeInLeft\" data-wow-delay=\"0ms\" data-wow-duration=\"1500ms\">\r\n                    <article class=\"inner-box\">\r\n                        <!--Image-->\r\n                        <figure class=\"image-box\">\r\n                            <a href=\"https:\/\/ecav.pt\/index.php\/2017\/05\/29\/ecav-open-de-oeiras-2017-quase-a-comecar\/\"><img loading=\"lazy\" decoding=\"async\" width=\"625\" height=\"315\" src=\"https:\/\/ecav.pt\/wp-content\/uploads\/2017\/05\/ECAV-cetocover-625x315.jpg\" class=\"img-responsive wp-post-image\" alt=\"\" \/><\/a>\r\n                            <div class=\"post-options\">\r\n                                \t\r\n                                <a href=\"https:\/\/ecav.pt\/index.php\/2017\/05\/29\/ecav-open-de-oeiras-2017-quase-a-comecar\/\" class=\"plus-icon img-circle\"><span class=\"icon flaticon-news37\"><\/span><\/a>\r\n                                <a href=\"javascript:void(0);\" class=\"heart-icon img-circle jolly_like_it\" data-id=\"982\"><span class=\"icon fa fa-heart\"><\/span><\/a>\r\n                            <\/div>\r\n                        <\/figure>\r\n                        <!--Lower Content-->\r\n                        <div class=\"lower-part\">\r\n                            <div class=\"post-info\">\r\n                                Publicado em<a href=\"https:\/\/ecav.pt\/index.php\/2017\/05\/\"><strong>Mai 29, 2017<\/strong><\/a>\r\n                            <\/div>\r\n                            <div class=\"post-title\"><h3><a href=\"https:\/\/ecav.pt\/index.php\/2017\/05\/29\/ecav-open-de-oeiras-2017-quase-a-comecar\/\">ECAV Open de Oeiras 2017<\/a><\/h3><\/div>\r\n                            <div class=\"post-text\">[vc_row][vc_column width=&#8221;1\/2&#8243;][vc_column_text] \u00c9 j\u00e1 dia 3 de Junho que come\u00e7a o ECAV Open de Oeiras, um dos mais importantes torneios ...<\/div>\r\n                            \r\n                            <div class=\"post-info lower\">\r\n                                <i class=\"fa fa-comments\"><\/i> &nbsp; <a href=\"https:\/\/ecav.pt\/index.php\/2017\/05\/29\/ecav-open-de-oeiras-2017-quase-a-comecar\/#comments\"><strong>Sem coment\u00e1rios<\/strong> &nbsp; &nbsp; &nbsp;<\/a> | &nbsp; &nbsp; <a href=\"#\"><i class=\"fa fa-tag\"><\/i> &nbsp; <a href=\"https:\/\/ecav.pt\/index.php\/category\/noticias\/\" rel=\"category tag\">Not\u00edcias<\/a><\/a>\r\n                                <span class=\"pull-right\"><a href=\"https:\/\/ecav.pt\/index.php\/2017\/05\/29\/ecav-open-de-oeiras-2017-quase-a-comecar\/\" class=\"theme-btn read-more\">Ler Mais<\/a><\/span>\r\n                            <\/div>\r\n                        <\/div>\r\n                    <\/article>\r\n                <\/div>\r\n                \r\n                                \r\n                <!--Blog Post-->\r\n                <div class=\"col-md-6 col-sm-12 col-xs-12 blog-post wow fadeInLeft\" data-wow-delay=\"0ms\" data-wow-duration=\"1500ms\">\r\n                    <article class=\"inner-box\">\r\n                        <!--Image-->\r\n                        <figure class=\"image-box\">\r\n                            <a href=\"https:\/\/ecav.pt\/index.php\/2015\/09\/25\/familia-linan-na-melhor-viagem-da-tua-vida\/\"><img loading=\"lazy\" decoding=\"async\" width=\"625\" height=\"401\" src=\"https:\/\/ecav.pt\/wp-content\/uploads\/2016\/10\/big_11226034_1031876913490609_5610857715547750878_o-625x401.jpg\" class=\"img-responsive wp-post-image\" alt=\"\" \/><\/a>\r\n                            <div class=\"post-options\">\r\n                                \t\r\n                                <a href=\"https:\/\/ecav.pt\/index.php\/2015\/09\/25\/familia-linan-na-melhor-viagem-da-tua-vida\/\" class=\"plus-icon img-circle\"><span class=\"icon flaticon-news37\"><\/span><\/a>\r\n                                <a href=\"javascript:void(0);\" class=\"heart-icon img-circle jolly_like_it\" data-id=\"511\"><span class=\"icon fa fa-heart\"><\/span><\/a>\r\n                            <\/div>\r\n                        <\/figure>\r\n                        <!--Lower Content-->\r\n                        <div class=\"lower-part\">\r\n                            <div class=\"post-info\">\r\n                                Publicado em<a href=\"https:\/\/ecav.pt\/index.php\/2015\/09\/\"><strong>Set 25, 2015<\/strong><\/a>\r\n                            <\/div>\r\n                            <div class=\"post-title\"><h3><a href=\"https:\/\/ecav.pt\/index.php\/2015\/09\/25\/familia-linan-na-melhor-viagem-da-tua-vida\/\">Fam\u00edlia Lin\u00e3n na melhor viagem da tua vida<\/a><\/h3><\/div>\r\n                            <div class=\"post-text\">[vc_row][vc_column width=&#8221;1\/2&#8243;][vc_column_text] Um piquenique em fam\u00edlia \u00e9 sempre um momento especial. A Fam\u00edlia Lin\u00e3n na melhor viagem da tua vida ...<\/div>\r\n                            \r\n                            <div class=\"post-info lower\">\r\n                                <i class=\"fa fa-comments\"><\/i> &nbsp; <a href=\"https:\/\/ecav.pt\/index.php\/2015\/09\/25\/familia-linan-na-melhor-viagem-da-tua-vida\/#comments\"><strong>Sem coment\u00e1rios<\/strong> &nbsp; &nbsp; &nbsp;<\/a> | &nbsp; &nbsp; <a href=\"#\"><i class=\"fa fa-tag\"><\/i> &nbsp; <a href=\"https:\/\/ecav.pt\/index.php\/category\/noticias\/\" rel=\"category tag\">Not\u00edcias<\/a><\/a>\r\n                                <span class=\"pull-right\"><a href=\"https:\/\/ecav.pt\/index.php\/2015\/09\/25\/familia-linan-na-melhor-viagem-da-tua-vida\/\" class=\"theme-btn read-more\">Ler Mais<\/a><\/span>\r\n                            <\/div>\r\n                        <\/div>\r\n                    <\/article>\r\n                <\/div>\r\n                \r\n                                \r\n                <!--Blog Post-->\r\n                <div class=\"col-md-6 col-sm-12 col-xs-12 blog-post wow fadeInLeft\" data-wow-delay=\"0ms\" data-wow-duration=\"1500ms\">\r\n                    <article class=\"inner-box\">\r\n                        <!--Image-->\r\n                        <figure class=\"image-box\">\r\n                            <a href=\"https:\/\/ecav.pt\/index.php\/2015\/06\/13\/escola-de-conducao-armando-vitor-apoia-o-crc-quinta-dos-lombos\/\"><img loading=\"lazy\" decoding=\"async\" width=\"625\" height=\"401\" src=\"https:\/\/ecav.pt\/wp-content\/uploads\/2016\/01\/Untitled-1-625x401.png\" class=\"img-responsive wp-post-image\" alt=\"\" \/><\/a>\r\n                            <div class=\"post-options\">\r\n                                \t\r\n                                <a href=\"https:\/\/ecav.pt\/index.php\/2015\/06\/13\/escola-de-conducao-armando-vitor-apoia-o-crc-quinta-dos-lombos\/\" class=\"plus-icon img-circle\"><span class=\"icon flaticon-news37\"><\/span><\/a>\r\n                                <a href=\"javascript:void(0);\" class=\"heart-icon img-circle jolly_like_it\" data-id=\"270\"><span class=\"icon fa fa-heart\"><\/span><\/a>\r\n                            <\/div>\r\n                        <\/figure>\r\n                        <!--Lower Content-->\r\n                        <div class=\"lower-part\">\r\n                            <div class=\"post-info\">\r\n                                Publicado em<a href=\"https:\/\/ecav.pt\/index.php\/2015\/06\/\"><strong>Jun 13, 2015<\/strong><\/a>\r\n                            <\/div>\r\n                            <div class=\"post-title\"><h3><a href=\"https:\/\/ecav.pt\/index.php\/2015\/06\/13\/escola-de-conducao-armando-vitor-apoia-o-crc-quinta-dos-lombos\/\">ECAV apoia o CRC Quinta dos Lombos<\/a><\/h3><\/div>\r\n                            <div class=\"post-text\">A ECAV &#8211; Escola de Condu\u00e7\u00e3o Armando Vitor apoia o CRC Quinta dos Lombos.<\/div>\r\n                            \r\n                            <div class=\"post-info lower\">\r\n                                <i class=\"fa fa-comments\"><\/i> &nbsp; <a href=\"https:\/\/ecav.pt\/index.php\/2015\/06\/13\/escola-de-conducao-armando-vitor-apoia-o-crc-quinta-dos-lombos\/#comments\"><strong>Sem coment\u00e1rios<\/strong> &nbsp; &nbsp; &nbsp;<\/a> | &nbsp; &nbsp; <a href=\"#\"><i class=\"fa fa-tag\"><\/i> &nbsp; <a href=\"https:\/\/ecav.pt\/index.php\/category\/noticias\/\" rel=\"category tag\">Not\u00edcias<\/a><\/a>\r\n                                <span class=\"pull-right\"><a href=\"https:\/\/ecav.pt\/index.php\/2015\/06\/13\/escola-de-conducao-armando-vitor-apoia-o-crc-quinta-dos-lombos\/\" class=\"theme-btn read-more\">Ler Mais<\/a><\/span>\r\n                            <\/div>\r\n                        <\/div>\r\n                    <\/article>\r\n                <\/div>\r\n                \r\n                                \r\n                <!--Blog Post-->\r\n                <div class=\"col-md-6 col-sm-12 col-xs-12 blog-post wow fadeInLeft\" data-wow-delay=\"0ms\" data-wow-duration=\"1500ms\">\r\n                    <article class=\"inner-box\">\r\n                        <!--Image-->\r\n                        <figure class=\"image-box\">\r\n                            <a href=\"https:\/\/ecav.pt\/index.php\/2015\/05\/07\/ecav-patrocinador-oficial-do-clube-futsal-de-oeiras\/\"><img loading=\"lazy\" decoding=\"async\" width=\"625\" height=\"401\" src=\"https:\/\/ecav.pt\/wp-content\/uploads\/2016\/11\/Screenshot_4-625x401.png\" class=\"img-responsive wp-post-image\" alt=\"\" \/><\/a>\r\n                            <div class=\"post-options\">\r\n                                \t\r\n                                <a href=\"https:\/\/ecav.pt\/index.php\/2015\/05\/07\/ecav-patrocinador-oficial-do-clube-futsal-de-oeiras\/\" class=\"plus-icon img-circle\"><span class=\"icon flaticon-news37\"><\/span><\/a>\r\n                                <a href=\"javascript:void(0);\" class=\"heart-icon img-circle jolly_like_it\" data-id=\"785\"><span class=\"icon fa fa-heart\"><\/span><\/a>\r\n                            <\/div>\r\n                        <\/figure>\r\n                        <!--Lower Content-->\r\n                        <div class=\"lower-part\">\r\n                            <div class=\"post-info\">\r\n                                Publicado em<a href=\"https:\/\/ecav.pt\/index.php\/2015\/05\/\"><strong>Mai 07, 2015<\/strong><\/a>\r\n                            <\/div>\r\n                            <div class=\"post-title\"><h3><a href=\"https:\/\/ecav.pt\/index.php\/2015\/05\/07\/ecav-patrocinador-oficial-do-clube-futsal-de-oeiras\/\">ECAV patrocinador oficial do Clube Futsal de Oeiras<\/a><\/h3><\/div>\r\n                            <div class=\"post-text\">A ECAV &#8211; Escola de Condu\u00e7\u00e3o Armando Vitor \u00e9 o patrocinador oficial do Clube Futsal de Oeiras que promove a ...<\/div>\r\n                            \r\n                            <div class=\"post-info lower\">\r\n                                <i class=\"fa fa-comments\"><\/i> &nbsp; <a href=\"https:\/\/ecav.pt\/index.php\/2015\/05\/07\/ecav-patrocinador-oficial-do-clube-futsal-de-oeiras\/#comments\"><strong>Sem coment\u00e1rios<\/strong> &nbsp; &nbsp; &nbsp;<\/a> | &nbsp; &nbsp; <a href=\"#\"><i class=\"fa fa-tag\"><\/i> &nbsp; <a href=\"https:\/\/ecav.pt\/index.php\/category\/noticias\/\" rel=\"category tag\">Not\u00edcias<\/a><\/a>\r\n                                <span class=\"pull-right\"><a href=\"https:\/\/ecav.pt\/index.php\/2015\/05\/07\/ecav-patrocinador-oficial-do-clube-futsal-de-oeiras\/\" class=\"theme-btn read-more\">Ler Mais<\/a><\/span>\r\n                            <\/div>\r\n                        <\/div>\r\n                    <\/article>\r\n                <\/div>\r\n                \r\n                                \r\n                <!--Blog Post-->\r\n                <div class=\"col-md-6 col-sm-12 col-xs-12 blog-post wow fadeInLeft\" data-wow-delay=\"0ms\" data-wow-duration=\"1500ms\">\r\n                    <article class=\"inner-box\">\r\n                        <!--Image-->\r\n                        <figure class=\"image-box\">\r\n                            <a href=\"https:\/\/ecav.pt\/index.php\/2014\/09\/07\/ecav-na-final-do-dc-skate-challenge\/\"><img loading=\"lazy\" decoding=\"async\" width=\"625\" height=\"401\" src=\"https:\/\/ecav.pt\/wp-content\/uploads\/2016\/11\/10153794_732021370172254_5653371177560425566_n-625x401.jpg\" class=\"img-responsive wp-post-image\" alt=\"\" \/><\/a>\r\n                            <div class=\"post-options\">\r\n                                \t\r\n                                <a href=\"https:\/\/ecav.pt\/index.php\/2014\/09\/07\/ecav-na-final-do-dc-skate-challenge\/\" class=\"plus-icon img-circle\"><span class=\"icon flaticon-news37\"><\/span><\/a>\r\n                                <a href=\"javascript:void(0);\" class=\"heart-icon img-circle jolly_like_it\" data-id=\"815\"><span class=\"icon fa fa-heart\"><\/span><\/a>\r\n                            <\/div>\r\n                        <\/figure>\r\n                        <!--Lower Content-->\r\n                        <div class=\"lower-part\">\r\n                            <div class=\"post-info\">\r\n                                Publicado em<a href=\"https:\/\/ecav.pt\/index.php\/2014\/09\/\"><strong>Set 07, 2014<\/strong><\/a>\r\n                            <\/div>\r\n                            <div class=\"post-title\"><h3><a href=\"https:\/\/ecav.pt\/index.php\/2014\/09\/07\/ecav-na-final-do-dc-skate-challenge\/\">ECAV na Final do DC Skate Challenge<\/a><\/h3><\/div>\r\n                            <div class=\"post-text\">[vc_row][vc_column][vc_column_text] Bruno Senra venceu a 4\u00aa Etapa do DC SKATE CHALLENGE by FUEL TV e sagrou-se Campe\u00e3o Nacional na Categoria ...<\/div>\r\n                            \r\n                            <div class=\"post-info lower\">\r\n                                <i class=\"fa fa-comments\"><\/i> &nbsp; <a href=\"https:\/\/ecav.pt\/index.php\/2014\/09\/07\/ecav-na-final-do-dc-skate-challenge\/#comments\"><strong>Sem coment\u00e1rios<\/strong> &nbsp; &nbsp; &nbsp;<\/a> | &nbsp; &nbsp; <a href=\"#\"><i class=\"fa fa-tag\"><\/i> &nbsp; <a href=\"https:\/\/ecav.pt\/index.php\/category\/noticias\/\" rel=\"category tag\">Not\u00edcias<\/a><\/a>\r\n                                <span class=\"pull-right\"><a href=\"https:\/\/ecav.pt\/index.php\/2014\/09\/07\/ecav-na-final-do-dc-skate-challenge\/\" class=\"theme-btn read-more\">Ler Mais<\/a><\/span>\r\n                            <\/div>\r\n                        <\/div>\r\n                    <\/article>\r\n                <\/div>\r\n                \r\n                                \r\n            <\/div><!--End Blog -->\r\n        <\/div>\r\n    <\/div>\r\n<\/div>\r\n                \r\n[\/vc_column][vc_column width=&#8221;1\/4&#8243; css=&#8221;.vc_custom_1477931508847{margin-top: 50px !important;}&#8221;][vc_widget_sidebar sidebar_id=&#8221;blog-sidebar&#8221; el_class=&#8221;sidebar&#8221;][\/vc_column][\/vc_row]<\/p>\n<\/div>","protected":false},"excerpt":{"rendered":"<p>[vc_row container=&#8221;1&#8243;][vc_column width=&#8221;3\/4&#8243; css=&#8221;.vc_custom_1477931500653{margin-top: 50px !important;}&#8221;][\/vc_column][vc_column width=&#8221;1\/4&#8243; css=&#8221;.vc_custom_1477931508847{margin-top: 50px !important;}&#8221;][vc_widget_sidebar sidebar_id=&#8221;blog-sidebar&#8221; el_class=&#8221;sidebar&#8221;][\/vc_column][\/vc_row]<\/p>\n","protected":false},"author":1,"featured_media":0,"parent":0,"menu_order":0,"comment_status":"open","ping_status":"closed","template":"tpl-visual_composer.php","meta":{"footnotes":""},"class_list":["post-542","page","type-page","status-publish","hentry"],"aioseo_notices":[],"_links":{"self":[{"href":"https:\/\/ecav.pt\/index.php\/wp-json\/wp\/v2\/pages\/542","targetHints":{"allow":["GET"]}}],"collection":[{"href":"https:\/\/ecav.pt\/index.php\/wp-json\/wp\/v2\/pages"}],"about":[{"href":"https:\/\/ecav.pt\/index.php\/wp-json\/wp\/v2\/types\/page"}],"author":[{"embeddable":true,"href":"https:\/\/ecav.pt\/index.php\/wp-json\/wp\/v2\/users\/1"}],"replies":[{"embeddable":true,"href":"https:\/\/ecav.pt\/index.php\/wp-json\/wp\/v2\/comments?post=542"}],"version-history":[{"count":0,"href":"https:\/\/ecav.pt\/index.php\/wp-json\/wp\/v2\/pages\/542\/revisions"}],"wp:attachment":[{"href":"https:\/\/ecav.pt\/index.php\/wp-json\/wp\/v2\/media?parent=542"}],"curies":[{"name":"wp","href":"https:\/\/api.w.org\/{rel}","templated":true}]}}