{"id":626,"date":"2016-11-03T19:01:05","date_gmt":"2016-11-03T19:01:05","guid":{"rendered":"http:\/\/ecav.pt\/home\/?page_id=626"},"modified":"2022-02-08T16:38:53","modified_gmt":"2022-02-08T16:38:53","slug":"sobre-a-escola","status":"publish","type":"page","link":"https:\/\/ecav.pt\/index.php\/sobre-a-escola\/","title":{"rendered":"Sobre a Escola"},"content":{"rendered":"<div class=\"wpb-content-wrapper\"><p>[vc_row container=&#8221;1&#8243;][vc_column width=&#8221;3\/4&#8243; css=&#8221;.vc_custom_1478201336408{margin-top: 50px !important;padding-right: 30px !important;}&#8221;][vc_column_text]<\/p>\n<p style=\"text-align: justify;\">Fundada em 1962, a ECAV &#8211; Escola de Condu\u00e7\u00e3o Armando V\u00edtor nasceu com o objetivo de satisfazer uma necessidade local, visto que n\u00e3o existia, na \u00e9poca, nenhuma empresa dedicada ao ensino de condu\u00e7\u00e3o autom\u00f3vel em Oeiras.<\/p>\n<p style=\"text-align: justify;\">Ao longo dos anos fomos conquistando a confian\u00e7a dos clientes e hoje, com mais de meio s\u00e9culo de hist\u00f3ria, podemos dizer que acompanh\u00e1mos v\u00e1rias gera\u00e7\u00f5es de alunos, sem nunca deixar para tr\u00e1s os valores \u00e9ticos e o servi\u00e7o de qualidade que nos caracterizam desde que nos foi atribu\u00eddo o alvar\u00e1 n\u00ba 215.<\/p>\n<p style=\"text-align: justify;\">A nossa diferencia\u00e7\u00e3o no mercado passa por aliar tradi\u00e7\u00e3o e experi\u00eancia \u00e0 inova\u00e7\u00e3o e din\u00e2mica com que privilegiamos o ensino de condu\u00e7\u00e3o autom\u00f3vel. Com equipamento moderno e tecnologia recente queremos conduzir o futuro dos nossos alunos para que se tornem condutores respons\u00e1veis, conscientes e seguros, com uma elevada atitude c\u00edvica. O sucesso e satisfa\u00e7\u00e3o dos alunos \u00e9, sem d\u00favida, o nosso melhor cart\u00e3o-de-visita e o motor de crescimento do neg\u00f3cio, com mais de 24.000 condutores formados at\u00e9 \u00e0 data.<\/p>\n<p style=\"text-align: justify;\">O m\u00e9todo de ensino rigoroso tornou-nos uma empresa de refer\u00eancia e prest\u00edgio a n\u00edvel local. Com mais de seis d\u00e9cadas de trabalho, a ECAV est\u00e1 mais jovem que nunca e o impacto que temos no Concelho de Oeiras vai muito al\u00e9m do ensino de condu\u00e7\u00e3o. Nos \u00faltimos anos assumimos o compromisso de apoiar o desenvolvimento do Desporto Jovem local, patrocinando v\u00e1rios atletas e clubes do Concelho, refor\u00e7ando assim um posicionamento jovem que se adequa ao nosso p\u00fablico-alvo.<\/p>\n<p>[\/vc_column_text][vc_empty_space][vc_column_text]<\/p>\n<h4 style=\"text-align: justify;\"><strong>RECONHECIMENTO <\/strong><\/h4>\n<p>&nbsp;<\/p>\n<p style=\"text-align: justify;\">Em 2005, a ECAV foi certificada pela EIC, empresa acreditada pelo Instituto Portugu\u00eas da Qualidade, tornando-se na primeira escola de condu\u00e7\u00e3o em Portugal com Certifica\u00e7\u00e3o de Qualidade. A atribui\u00e7\u00e3o da Certifica\u00e7\u00e3o de Qualidade de acordo com as normas NP EN ISO 9001 (2000) para o ensino de condu\u00e7\u00e3o autom\u00f3vel, \u00e9 o reconhecimento do trabalho realizado ao longo dos anos e comprova a excel\u00eancia dos servi\u00e7os prestados pela ECAV.<\/p>\n<p style=\"text-align: justify;\">Por todas estas raz\u00f5es, a ECAV foi tamb\u00e9m condecorada, em Junho de 2005, com a Medalha de M\u00e9rito Municipal pela C\u00e2mara Municipal de Oeiras, como forma de reconhecimento pelos servi\u00e7os prestados no \u00e2mbito do munic\u00edpio.<\/p>\n<p>[\/vc_column_text][vc_empty_space][vc_column_text]<\/p>\n<h4 style=\"text-align: justify;\"><strong>ESTRAT\u00c9GIA <\/strong><\/h4>\n<p style=\"text-align: justify;\"><strong>\u00a0<\/strong><\/p>\n<p style=\"text-align: justify;\">Com uma estrat\u00e9gia assente em cinco pilares fundamentais, temos guiado o nosso percurso lado a lado com os\u00a0bons resultados dos alunos, dado que a taxa de sucesso nos exames, \u00e9 muito elevada e superior \u00e0 m\u00e9dia do sector.<\/p>\n<p>[\/vc_column_text][vc_column_text]<\/p>\n<h4 style=\"text-align: justify;\"><span style=\"color: #71b100;\"><strong>5 Boas Raz\u00f5es para escolher a ECAV<\/strong><\/span><\/h4>\n<p>&nbsp;<\/p>\n<p><strong><span style=\"color: #71b100;\">1 .<\/span> QUALIDADE<\/strong> \u2013 Uma equipa de excelentes profissionais e \u00f3timas infraestruturas que permitem um ensino de qualidade.<\/p>\n<p><strong><span style=\"color: #71b100;\">2 .<\/span> CREDIBILIDADE<\/strong> \u2013 Com mais de 50 anos de trabalho, temos a experi\u00eancia e <em>know-how<\/em> adequados \u00e0s necessidades dos alunos.<\/p>\n<p><strong><span style=\"color: #71b100;\">3 .<\/span> INOVA\u00c7\u00c3O<\/strong> \u2013 Trabalhamos com um m\u00e9todo inovador de ensino, apoiado em aulas multim\u00e9dia, com equipamento moderno e atrativo.<\/p>\n<p><strong><span style=\"color: #71b100;\">4 .<\/span> ATENDIMENTO<\/strong> \u2013 Temos sempre algu\u00e9m \u00e0 disposi\u00e7\u00e3o para esclarecer d\u00favidas, ouvir os coment\u00e1rios e sugest\u00f5es e auxiliar em algum problema que seja necess\u00e1rio.<\/p>\n<p><strong><span style=\"color: #71b100;\">5 .<\/span> HOR\u00c1RIO<\/strong> \u2013 Temos o hor\u00e1rio mais alargado do mercado.[\/vc_column_text][vc_empty_space][vc_column_text]<\/p>\n<h4><strong>MISS\u00c3O<\/strong><\/h4>\n<p>&nbsp;<\/p>\n<p style=\"text-align: justify;\">A nossa miss\u00e3o assenta em contribuir de forma relevante para o ensino autom\u00f3vel em Portugal, o que passa pela forma\u00e7\u00e3o de condutores respons\u00e1veis, seguros e respeitadores das regras de tr\u00e2nsito.<\/p>\n<p style=\"text-align: justify;\"><strong><u>Melhorar a seguran\u00e7a rodovi\u00e1ria<\/u><\/strong> \u2013 Procuramos que os nossos alunos aprendam e assimilem as melhores formas de proceder em rela\u00e7\u00e3o \u00e0s quest\u00f5es de seguran\u00e7a rodovi\u00e1ria. Desta forma queremos contribuir para a redu\u00e7\u00e3o da taxa de sinistralidade nas estradas e para um aumento de circula\u00e7\u00e3o com mais e melhor seguran\u00e7a para todos.<\/p>\n<p style=\"text-align: justify;\"><strong><u>Formar condutores com elevada atitude c\u00edvica<\/u><\/strong> \u2013 O empenho da ECAV para com as quest\u00f5es de seguran\u00e7a \u00e9 uma parte fundamental da filosofia da empresa. Para n\u00f3s \u00e9 essencial formar condutores com elevada atitude c\u00edvica e que conduzam com e em seguran\u00e7a, o que constitui um desafio di\u00e1rio para todos aqueles envolvidos na \u00e1rea da forma\u00e7\u00e3o.<\/p>\n<p style=\"text-align: justify;\"><strong><u>Proporcionar um servi\u00e7o abrangente e valioso<\/u><\/strong> &#8211; A cria\u00e7\u00e3o de valor para o aluno \u00e9 encarada como uma tarefa cont\u00ednua e extens\u00edvel a todos os momentos de contacto entre os alunos e a escola. O objetivo \u00e9 implementar uma cultura empresarial focada em criatividade e inova\u00e7\u00e3o, com vista a uma melhoria cont\u00ednua do servi\u00e7o e da qualidade do ensino.<\/p>\n<p>[\/vc_column_text][vc_empty_space][\/vc_column][vc_column width=&#8221;1\/4&#8243; css=&#8221;.vc_custom_1477931508847{margin-top: 50px !important;}&#8221;][vc_widget_sidebar sidebar_id=&#8221;blog-sidebar&#8221; el_class=&#8221;sidebar&#8221;][\/vc_column][\/vc_row]<\/p>\n<\/div>","protected":false},"excerpt":{"rendered":"<p>[vc_row container=&#8221;1&#8243;][vc_column width=&#8221;3\/4&#8243; css=&#8221;.vc_custom_1478201336408{margin-top: 50px !important;padding-right: 30px !important;}&#8221;][vc_column_text] Fundada em 1962, a ECAV &#8211; Escola de Condu\u00e7\u00e3o Armando V\u00edtor nasceu com o objetivo de satisfazer uma necessidade local, visto que n\u00e3o existia, na \u00e9poca, nenhuma empresa dedicada ao ensino de condu\u00e7\u00e3o autom\u00f3vel em Oeiras. Ao longo dos anos fomos conquistando a confian\u00e7a dos clientes e<\/p>\n","protected":false},"author":1,"featured_media":0,"parent":0,"menu_order":0,"comment_status":"open","ping_status":"closed","template":"tpl-visual_composer.php","meta":{"footnotes":""},"class_list":["post-626","page","type-page","status-publish","hentry"],"aioseo_notices":[],"_links":{"self":[{"href":"https:\/\/ecav.pt\/index.php\/wp-json\/wp\/v2\/pages\/626","targetHints":{"allow":["GET"]}}],"collection":[{"href":"https:\/\/ecav.pt\/index.php\/wp-json\/wp\/v2\/pages"}],"about":[{"href":"https:\/\/ecav.pt\/index.php\/wp-json\/wp\/v2\/types\/page"}],"author":[{"embeddable":true,"href":"https:\/\/ecav.pt\/index.php\/wp-json\/wp\/v2\/users\/1"}],"replies":[{"embeddable":true,"href":"https:\/\/ecav.pt\/index.php\/wp-json\/wp\/v2\/comments?post=626"}],"version-history":[{"count":0,"href":"https:\/\/ecav.pt\/index.php\/wp-json\/wp\/v2\/pages\/626\/revisions"}],"wp:attachment":[{"href":"https:\/\/ecav.pt\/index.php\/wp-json\/wp\/v2\/media?parent=626"}],"curies":[{"name":"wp","href":"https:\/\/api.w.org\/{rel}","templated":true}]}}