{"id":650,"date":"2016-11-03T20:14:35","date_gmt":"2016-11-03T20:14:35","guid":{"rendered":"http:\/\/ecav.pt\/home\/?page_id=650"},"modified":"2019-06-18T14:18:02","modified_gmt":"2019-06-18T14:18:02","slug":"formacao-motociclos","status":"publish","type":"page","link":"https:\/\/ecav.pt\/index.php\/formacao-motociclos\/","title":{"rendered":"Motociclos"},"content":{"rendered":"<div class=\"wpb-content-wrapper\"><p>[vc_row container=&#8221;1&#8243;][vc_column width=&#8221;3\/4&#8243; css=&#8221;.vc_custom_1478201336408{margin-top: 50px !important;padding-right: 30px !important;}&#8221;][vc_column_text]<\/p>\n<h4 align=\"justify\"><strong>CATEGORIA A1, A2 e A<\/strong><\/h4>\n<p style=\"text-align: justify;\" align=\"justify\">Queres obter a tua carta de motociclos com n\u00edveis de excel\u00eancia e a <span style=\"text-decoration: underline;\">pre\u00e7os competitivos<\/span>?<\/p>\n<p style=\"text-align: justify;\" align=\"justify\">Ent\u00e3o a ECAV \u00e9 a tua escola de condu\u00e7\u00e3o. <a href=\"http:\/\/ecav.pt\/index.php\/inscricao\/\">Inscreve-te j\u00e1<\/a>.<\/p>\n<p style=\"text-align: justify;\" align=\"justify\">Informa-te aqui dos requisitos necess\u00e1rios estabelecidos por lei para poderes efectuar a tua inscri\u00e7\u00e3o e obter em seguida a tua licen\u00e7a de aprendizagem na subcategoria pretendida.<\/p>\n<p>[\/vc_column_text][vc_column_text]<strong>DOCUMENTOS necess\u00e1rios para efectuares a tua inscri\u00e7\u00e3o<\/strong><\/p>\n<p>\u2013 Cart\u00e3o do Cidad\u00e3o;<\/p>\n<p>\u2013 <a href=\"http:\/\/ecav.pt\/index.php\/faqs\/#1513872192955-59154720-1d2d\" target=\"_blank\" rel=\"noopener noreferrer\">Atestado M\u00e9dico Electr\u00f3nico<\/a>[\/vc_column_text][vc_column_text]<\/p>\n<p style=\"text-align: justify;\" align=\"justify\"><strong>REQUISITOS para obten\u00e7\u00e3o de t\u00edtulos de condu\u00e7\u00e3o<\/strong><\/p>\n<p style=\"text-align: justify;\" align=\"justify\">(Artigo 126\u00ba do C\u00f3digo da Estrada)<\/p>\n<p style=\"text-align: justify;\" align=\"justify\">Pode obter t\u00edtulo de condu\u00e7\u00e3o quem satisfa\u00e7a cumulativamente os seguintes requisitos:<\/p>\n<p style=\"text-align: justify;\" align=\"justify\">a) Possua a idade m\u00ednima de acordo com a categoria a que pretenda habilitar-se;<\/p>\n<p style=\"text-align: justify;\" align=\"justify\">b) Possua a necess\u00e1ria aptid\u00e3o f\u00edsica , mental e psicol\u00f3gica;<\/p>\n<p style=\"text-align: justify;\" align=\"justify\">c) Possua resid\u00eancia em territ\u00f3rio nacional;<\/p>\n<p style=\"text-align: justify;\" align=\"justify\">d) N\u00e3o esteja a cumprir proibi\u00e7\u00e3o ou inibi\u00e7\u00e3o de conduzir ou medida de seguran\u00e7a de interdi\u00e7\u00e3o de concess\u00e3o de carta de condu\u00e7\u00e3o;<\/p>\n<p style=\"text-align: justify;\" align=\"justify\">e) Tenha sido aprovado no respectivo exame de condu\u00e7\u00e3o.<\/p>\n<p style=\"text-align: justify;\" align=\"justify\">Para obten\u00e7\u00e3o de carta de condu\u00e7\u00e3o s\u00e3o necess\u00e1rias as seguintes idades m\u00ednimas, de acordo com a habilita\u00e7\u00e3o pretendida:<\/p>\n<p>Categoria A1<br \/>\n16 anos<br \/>\nCategoria A2<br \/>\n18 anos<br \/>\nCategoria A<br \/>\n24 anos, ou<br \/>\n20 anos, desde que, possua 2 anos de habilita\u00e7\u00e3o da categoria A2, descontado o tempo em que tenha estado proibido ou inibido de conduzir ou<br \/>\n21 anos para triciclos a motor com pot\u00eancia superior a 15 kw.<\/p>\n<p style=\"text-align: justify;\" align=\"justify\">NOTA: 6 meses antes de completar a idade m\u00ednima obrigat\u00f3ria podes obter a licen\u00e7a de aprendizagem.<\/p>\n<p style=\"text-align: justify;\" align=\"justify\">A obten\u00e7\u00e3o da licen\u00e7a de aprendizagem na categoria A1 por pessoa com idade inferior a 17,5 anos depende, ainda, de autoriza\u00e7\u00e3o escrita de quem exer\u00e7a sobre ela o poder paternal e da apresenta\u00e7\u00e3o do assento de nascimento.<\/p>\n<p>[\/vc_column_text][vc_column_text]<\/p>\n<p style=\"text-align: justify;\"><strong>ENSINO &#8211; Modalidades de ensino da condu\u00e7\u00e3o<\/strong><\/p>\n<p style=\"text-align: justify;\" align=\"justify\">Teoria da Condu\u00e7\u00e3o:<\/p>\n<p style=\"text-align: justify;\" align=\"justify\">Tem por finalidade a aquisi\u00e7\u00e3o de conhecimentos e avalia\u00e7\u00e3o dos riscos para a circula\u00e7\u00e3o rodovi\u00e1ria segura, os factores internos e externos que podem condicionar o comportamentos do condutor, a interioriza\u00e7\u00e3o de atitudes adequadas \u00e0 seguran\u00e7a rodovi\u00e1ria e a sensibiliza\u00e7\u00e3o para a preserva\u00e7\u00e3o do ambiente.<\/p>\n<p style=\"text-align: justify;\" align=\"justify\">Pr\u00e1tica da Condu\u00e7\u00e3o:<\/p>\n<p style=\"text-align: justify;\" align=\"justify\">Tem por objectivo a adapta\u00e7\u00e3o do candidato ao ambiente rodovi\u00e1rio de condu\u00e7\u00e3o e dom\u00ednio do ve\u00edculo em circula\u00e7\u00e3o, atenta e interac\u00e7\u00e3o entre forma\u00e7\u00e3o te\u00f3rica e pr\u00e1tica e os princ\u00edpios de seguran\u00e7a rodovi\u00e1ria.<\/p>\n<p style=\"text-align: justify;\" align=\"justify\">N\u00famero m\u00ednimo de li\u00e7\u00f5es consoante as categorias:<\/p>\n<p style=\"text-align: justify;\" align=\"justify\">Os programas de forma\u00e7\u00e3o e de avalia\u00e7\u00e3o para candidatos a condutores devem ser estruturados com base num n\u00famero m\u00ednimo de li\u00e7\u00f5es. Aos candidatos que pretendam habilitar-se a uma categoria de ve\u00edculos devem ser ministradas as li\u00e7\u00f5es correspondentes a cada uma delas.<\/p>\n<p>Motociclos ( categoria A1 \/ A2 \/ A )<\/p>\n<p>Teoria da condu\u00e7\u00e3o : 32 li\u00e7\u00f5es<\/p>\n<p>Pr\u00e1tica da condu\u00e7\u00e3o: 12 li\u00e7\u00f5es[\/vc_column_text][vc_empty_space][vc_btn title=&#8221;Inscreve-te j\u00e1&#8221; style=&#8221;outline&#8221; color=&#8221;green&#8221; size=&#8221;lg&#8221; css_animation=&#8221;appear&#8221; link=&#8221;url:http%3A%2F%2Fecav.pt%2Findex.php%2Finscricao%2F|||&#8221;][vc_empty_space][\/vc_column][vc_column width=&#8221;1\/4&#8243; css=&#8221;.vc_custom_1477931508847{margin-top: 50px !important;}&#8221;][vc_widget_sidebar sidebar_id=&#8221;blog-sidebar&#8221; el_class=&#8221;sidebar&#8221;][\/vc_column][\/vc_row]<\/p>\n<\/div>","protected":false},"excerpt":{"rendered":"<p>[vc_row container=&#8221;1&#8243;][vc_column width=&#8221;3\/4&#8243; css=&#8221;.vc_custom_1478201336408{margin-top: 50px !important;padding-right: 30px !important;}&#8221;][vc_column_text] CATEGORIA A1, A2 e A Queres obter a tua carta de motociclos com n\u00edveis de excel\u00eancia e a pre\u00e7os competitivos? Ent\u00e3o a ECAV \u00e9 a tua escola de condu\u00e7\u00e3o. Inscreve-te j\u00e1. Informa-te aqui dos requisitos necess\u00e1rios estabelecidos por lei para poderes efectuar a tua inscri\u00e7\u00e3o e obter<\/p>\n","protected":false},"author":1,"featured_media":0,"parent":0,"menu_order":0,"comment_status":"open","ping_status":"closed","template":"tpl-visual_composer.php","meta":{"footnotes":""},"class_list":["post-650","page","type-page","status-publish","hentry"],"aioseo_notices":[],"_links":{"self":[{"href":"https:\/\/ecav.pt\/index.php\/wp-json\/wp\/v2\/pages\/650","targetHints":{"allow":["GET"]}}],"collection":[{"href":"https:\/\/ecav.pt\/index.php\/wp-json\/wp\/v2\/pages"}],"about":[{"href":"https:\/\/ecav.pt\/index.php\/wp-json\/wp\/v2\/types\/page"}],"author":[{"embeddable":true,"href":"https:\/\/ecav.pt\/index.php\/wp-json\/wp\/v2\/users\/1"}],"replies":[{"embeddable":true,"href":"https:\/\/ecav.pt\/index.php\/wp-json\/wp\/v2\/comments?post=650"}],"version-history":[{"count":0,"href":"https:\/\/ecav.pt\/index.php\/wp-json\/wp\/v2\/pages\/650\/revisions"}],"wp:attachment":[{"href":"https:\/\/ecav.pt\/index.php\/wp-json\/wp\/v2\/media?parent=650"}],"curies":[{"name":"wp","href":"https:\/\/api.w.org\/{rel}","templated":true}]}}