{"id":666,"date":"2016-11-03T20:51:27","date_gmt":"2016-11-03T20:51:27","guid":{"rendered":"http:\/\/ecav.pt\/home\/?page_id=666"},"modified":"2026-04-20T09:35:54","modified_gmt":"2026-04-20T09:35:54","slug":"tabela-de-horarios-2","status":"publish","type":"page","link":"https:\/\/ecav.pt\/index.php\/tabela-de-horarios-2\/","title":{"rendered":"Tabela de Hor\u00e1rios"},"content":{"rendered":"<div class=\"wpb-content-wrapper\"><p>[vc_row container=&#8221;1&#8243;][vc_column width=&#8221;3\/4&#8243; css=&#8221;.vc_custom_1478201336408{margin-top: 50px !important;padding-right: 30px !important;}&#8221;][vc_column_text css=&#8221;&#8221;]<\/p>\n<p style=\"text-align: justify;\">A presen\u00e7a nas li\u00e7\u00f5es de teoria de condu\u00e7\u00e3o \u00e9 assegurada pela ordem de chegada\/presen\u00e7a na escola de condu\u00e7\u00e3o.<\/p>\n<p>[\/vc_column_text][vc_empty_space height=&#8221;12px&#8221;][vc_single_image image=&#8221;2116&#8243; img_size=&#8221;full&#8221; alignment=&#8221;center&#8221; onclick=&#8221;link_image&#8221; css=&#8221;&#8221;][vc_empty_space][\/vc_column][vc_column width=&#8221;1\/4&#8243; css=&#8221;.vc_custom_1477931508847{margin-top: 50px !important;}&#8221;][vc_widget_sidebar sidebar_id=&#8221;blog-sidebar&#8221; el_class=&#8221;sidebar&#8221;][\/vc_column][\/vc_row]<\/p>\n<\/div>","protected":false},"excerpt":{"rendered":"<p>[vc_row container=&#8221;1&#8243;][vc_column width=&#8221;3\/4&#8243; css=&#8221;.vc_custom_1478201336408{margin-top: 50px !important;padding-right: 30px !important;}&#8221;][vc_column_text css=&#8221;&#8221;] A presen\u00e7a nas li\u00e7\u00f5es de teoria de condu\u00e7\u00e3o \u00e9 assegurada pela ordem de chegada\/presen\u00e7a na escola de condu\u00e7\u00e3o. [\/vc_column_text][vc_empty_space height=&#8221;12px&#8221;][vc_single_image image=&#8221;2116&#8243; img_size=&#8221;full&#8221; alignment=&#8221;center&#8221; onclick=&#8221;link_image&#8221; css=&#8221;&#8221;][vc_empty_space][\/vc_column][vc_column width=&#8221;1\/4&#8243; css=&#8221;.vc_custom_1477931508847{margin-top: 50px !important;}&#8221;][vc_widget_sidebar sidebar_id=&#8221;blog-sidebar&#8221; el_class=&#8221;sidebar&#8221;][\/vc_column][\/vc_row]<\/p>\n","protected":false},"author":1,"featured_media":0,"parent":0,"menu_order":0,"comment_status":"open","ping_status":"closed","template":"tpl-visual_composer.php","meta":{"footnotes":""},"class_list":["post-666","page","type-page","status-publish","hentry"],"aioseo_notices":[],"_links":{"self":[{"href":"https:\/\/ecav.pt\/index.php\/wp-json\/wp\/v2\/pages\/666","targetHints":{"allow":["GET"]}}],"collection":[{"href":"https:\/\/ecav.pt\/index.php\/wp-json\/wp\/v2\/pages"}],"about":[{"href":"https:\/\/ecav.pt\/index.php\/wp-json\/wp\/v2\/types\/page"}],"author":[{"embeddable":true,"href":"https:\/\/ecav.pt\/index.php\/wp-json\/wp\/v2\/users\/1"}],"replies":[{"embeddable":true,"href":"https:\/\/ecav.pt\/index.php\/wp-json\/wp\/v2\/comments?post=666"}],"version-history":[{"count":18,"href":"https:\/\/ecav.pt\/index.php\/wp-json\/wp\/v2\/pages\/666\/revisions"}],"predecessor-version":[{"id":2117,"href":"https:\/\/ecav.pt\/index.php\/wp-json\/wp\/v2\/pages\/666\/revisions\/2117"}],"wp:attachment":[{"href":"https:\/\/ecav.pt\/index.php\/wp-json\/wp\/v2\/media?parent=666"}],"curies":[{"name":"wp","href":"https:\/\/api.w.org\/{rel}","templated":true}]}}