{"id":747,"date":"2016-11-04T21:30:07","date_gmt":"2016-11-04T21:30:07","guid":{"rendered":"http:\/\/ecav.pt\/home\/?page_id=747"},"modified":"2019-06-18T14:30:04","modified_gmt":"2019-06-18T14:30:04","slug":"rodoviaria","status":"publish","type":"page","link":"https:\/\/ecav.pt\/index.php\/rodoviaria\/","title":{"rendered":"Rodovi\u00e1ria"},"content":{"rendered":"<div class=\"wpb-content-wrapper\"><p>[vc_row container=&#8221;1&#8243;][vc_column width=&#8221;2\/3&#8243; css=&#8221;.vc_custom_1478201336408{margin-top: 50px !important;padding-right: 30px !important;}&#8221;][vc_column_text]<\/p>\n<h3><strong>Forma\u00e7\u00e3o de Actualiza\u00e7\u00e3o de Condutores<\/strong><\/h3>\n<p style=\"text-align: justify;\" align=\"justify\">Destina-se a titulares de carta de condu\u00e7\u00e3o da categoria B &#8211; Ligeiros, que pretendam atualizar os seus conhecimentos.<\/p>\n<p style=\"text-align: justify;\" align=\"justify\">O curso tem como objetivo a atualiza\u00e7\u00e3o de conhecimentos, com especial incid\u00eancia para as altera\u00e7\u00f5es legislativas ocorridas nos \u00faltimos 5 anos, e nas manobras que mais contribuem para a sinistralidade (ultrapassagem e ced\u00eancia de passagem) e, ainda, relembrar um conjunto de normas comportamentais, fundamentais para uma circula\u00e7\u00e3o segura.<\/p>\n<p>[\/vc_column_text][vc_column_text]<strong>Dura\u00e7\u00e3o do Curso :<\/strong><\/p>\n<p align=\"justify\">Teoria de Condu\u00e7\u00e3o \u2013 7 Horas<\/p>\n<p align=\"justify\">Pr\u00e1tica de Condu\u00e7\u00e3o \u2013 1 Hora (opcional)<\/p>\n<p align=\"justify\"><strong>Taxa de Assiduidade :<\/strong><\/p>\n<p align=\"justify\">A forma\u00e7\u00e3o te\u00f3rica \u00e9 presencial com uma taxa de assiduidade m\u00ednima de 90% e \u00e9 ministrada em sala. A forma\u00e7\u00e3o pr\u00e1tica (opcional) decorre em ve\u00edculo licenciado para a instru\u00e7\u00e3o.<\/p>\n<p><strong>Valor :<\/strong><\/p>\n<p align=\"justify\">\u20ac45 \u2013 inclui manual de apoio e IVA<\/p>\n<p align=\"justify\">O valor a cobrar pela forma\u00e7\u00e3o pr\u00e1tica (opcional) ser\u00e1 acordado entre a ECAV e o formando.<\/p>\n<p>[\/vc_column_text][vc_column_text]<\/p>\n<p style=\"text-align: justify;\"><strong>Forma\u00e7\u00e3o e Sistema de Avalia\u00e7\u00e3o<\/strong><\/p>\n<p style=\"text-align: justify;\" align=\"justify\">O curso est\u00e1 sujeito ao n\u00famero m\u00ednimo de inscri\u00e7\u00f5es definido pela ECAV, a frequ\u00eancia das aulas, a avalia\u00e7\u00e3o cont\u00ednua realizada pelos formadores e a teste escrito no final do curso.<\/p>\n<p style=\"text-align: justify;\" align=\"justify\">\u00c9 emitido certificado pelo Departamento de Forma\u00e7\u00e3o e Qualidade da ANIECA<\/p>\n<p style=\"text-align: justify;\" align=\"justify\">comprovando a participa\u00e7\u00e3o aos condutores que obtenham aproveitamento na ac\u00e7\u00e3o de forma\u00e7\u00e3o.<\/p>\n<p>[\/vc_column_text][vc_column_text]<\/p>\n<p style=\"text-align: justify;\" align=\"justify\"><strong>Documenta\u00e7\u00e3o<\/strong><\/p>\n<p style=\"text-align: justify;\" align=\"justify\">Formul\u00e1rio de inscri\u00e7\u00e3o<\/p>\n<p style=\"text-align: justify;\" align=\"justify\">Fotoc\u00f3pia do bilhete de identidade \/ cart\u00e3o de cidad\u00e3o e do cart\u00e3o de contribuinte<\/p>\n<p style=\"text-align: justify;\" align=\"justify\">Fotoc\u00f3pia da carta de condu\u00e7\u00e3o<\/p>\n<p>[\/vc_column_text][vc_empty_space][vc_btn title=&#8221;Inscreve-te j\u00e1&#8221; style=&#8221;outline&#8221; color=&#8221;green&#8221; size=&#8221;lg&#8221; css_animation=&#8221;appear&#8221; link=&#8221;url:http%3A%2F%2Fecav.pt%2Findex.php%2Finscricao%2F|||&#8221;][vc_empty_space][\/vc_column][vc_column width=&#8221;1\/3&#8243; css=&#8221;.vc_custom_1477931508847{margin-top: 50px !important;}&#8221;][vc_single_image image=&#8221;759&#8243; img_size=&#8221;full&#8221; alignment=&#8221;center&#8221; onclick=&#8221;custom_link&#8221; link=&#8221;http:\/\/ecav.pt\/index.php\/inscricao\/&#8221;][vc_empty_space height=&#8221;10px&#8221;][\/vc_column][\/vc_row]<\/p>\n<\/div>","protected":false},"excerpt":{"rendered":"<p>[vc_row container=&#8221;1&#8243;][vc_column width=&#8221;2\/3&#8243; css=&#8221;.vc_custom_1478201336408{margin-top: 50px !important;padding-right: 30px !important;}&#8221;][vc_column_text] Forma\u00e7\u00e3o de Actualiza\u00e7\u00e3o de Condutores Destina-se a titulares de carta de condu\u00e7\u00e3o da categoria B &#8211; Ligeiros, que pretendam atualizar os seus conhecimentos. O curso tem como objetivo a atualiza\u00e7\u00e3o de conhecimentos, com especial incid\u00eancia para as altera\u00e7\u00f5es legislativas ocorridas nos \u00faltimos 5 anos, e nas manobras<\/p>\n","protected":false},"author":1,"featured_media":0,"parent":0,"menu_order":0,"comment_status":"open","ping_status":"closed","template":"tpl-visual_composer.php","meta":{"footnotes":""},"class_list":["post-747","page","type-page","status-publish","hentry"],"aioseo_notices":[],"_links":{"self":[{"href":"https:\/\/ecav.pt\/index.php\/wp-json\/wp\/v2\/pages\/747","targetHints":{"allow":["GET"]}}],"collection":[{"href":"https:\/\/ecav.pt\/index.php\/wp-json\/wp\/v2\/pages"}],"about":[{"href":"https:\/\/ecav.pt\/index.php\/wp-json\/wp\/v2\/types\/page"}],"author":[{"embeddable":true,"href":"https:\/\/ecav.pt\/index.php\/wp-json\/wp\/v2\/users\/1"}],"replies":[{"embeddable":true,"href":"https:\/\/ecav.pt\/index.php\/wp-json\/wp\/v2\/comments?post=747"}],"version-history":[{"count":0,"href":"https:\/\/ecav.pt\/index.php\/wp-json\/wp\/v2\/pages\/747\/revisions"}],"wp:attachment":[{"href":"https:\/\/ecav.pt\/index.php\/wp-json\/wp\/v2\/media?parent=747"}],"curies":[{"name":"wp","href":"https:\/\/api.w.org\/{rel}","templated":true}]}}