{"id":762,"date":"2016-11-06T13:02:46","date_gmt":"2016-11-06T13:02:46","guid":{"rendered":"http:\/\/ecav.pt\/home\/?page_id=762"},"modified":"2019-06-18T14:19:06","modified_gmt":"2019-06-18T14:19:06","slug":"multimedia","status":"publish","type":"page","link":"https:\/\/ecav.pt\/index.php\/multimedia\/","title":{"rendered":"Multim\u00e9dia"},"content":{"rendered":"<div class=\"wpb-content-wrapper\"><p>[vc_row container=&#8221;1&#8243;][vc_column width=&#8221;2\/3&#8243; css=&#8221;.vc_custom_1478201336408{margin-top: 50px !important;padding-right: 30px !important;}&#8221;][vc_column_text]<\/p>\n<p align=\"justify\"><strong>ENSINO<\/strong><\/p>\n<p align=\"justify\">O m\u00e9todo de ensino utilizado assenta sempre nas melhores e mais recentes tecnologias dispon\u00edveis, aprovadas pelo IMT, pois s\u00f3 assim poderemos atingir o objectivo de ensinar bem e satisfazer os nossos alunos atrav\u00e9s da oferta de servi\u00e7os da mais elevada qualidade.<\/p>\n<p>[\/vc_column_text][vc_column_text]<strong>TE\u00d3RICO<\/strong><\/p>\n<p align=\"justify\">Esta aplica\u00e7\u00e3o \u00e9 baseada no conceito de Ensino Assistido por Computador, constitu\u00edda por testes te\u00f3ricos da condu\u00e7\u00e3o em ambiente multim\u00e9dia. A sua realiza\u00e7\u00e3o continua e peri\u00f3dica possibilita-te fazer a tua auto-avalia\u00e7\u00e3o nas diferentes fases sequenciais do ensino te\u00f3rico, preparando e ambientando-te de modo progressivo e sequencial para o exame final.<\/p>\n<p>[\/vc_column_text][vc_column_text]<strong>TESTES<\/strong><\/p>\n<p align=\"justify\">Esta aplica\u00e7\u00e3o \u00e9 baseada no conceito de Ensino Assistido por Computador, constitu\u00edda por testes te\u00f3ricos da condu\u00e7\u00e3o em ambiente multim\u00e9dia. A sua realiza\u00e7\u00e3o continua e peri\u00f3dica possibilita-te fazer a tua auto-avalia\u00e7\u00e3o nas diferentes fases sequenciais do ensino te\u00f3rico, preparando e ambientando-te de modo progressivo e sequencial para o exame final.<\/p>\n<p>[\/vc_column_text][vc_column_text]<strong>PR\u00c1TICO<\/strong><\/p>\n<p align=\"justify\">Esta aplica\u00e7\u00e3o \u00e9 baseada no conceito de Ensino Assistido por Computador, constitu\u00edda por li\u00e7\u00f5es pr\u00e1ticas da condu\u00e7\u00e3o em simulador autom\u00f3vel. O simulador permite-te praticar, aperfei\u00e7oar e testar simultaneamente os teus conhecimentos ao n\u00edvel da condu\u00e7\u00e3o autom\u00f3vel de uma forma muito realista.<\/p>\n<p>[\/vc_column_text][vc_empty_space][vc_btn title=&#8221;Inscreve-te j\u00e1&#8221; style=&#8221;outline&#8221; color=&#8221;green&#8221; size=&#8221;lg&#8221; css_animation=&#8221;appear&#8221; link=&#8221;url:http%3A%2F%2Fecav.pt%2Findex.php%2Finscricao%2F|||&#8221;][vc_empty_space][\/vc_column][vc_column width=&#8221;1\/3&#8243; css=&#8221;.vc_custom_1477931508847{margin-top: 50px !important;}&#8221;][vc_single_image image=&#8221;763&#8243; img_size=&#8221;medium&#8221; alignment=&#8221;center&#8221; onclick=&#8221;link_image&#8221;][vc_empty_space height=&#8221;10px&#8221;][vc_single_image image=&#8221;764&#8243; img_size=&#8221;medium&#8221; alignment=&#8221;center&#8221; onclick=&#8221;link_image&#8221;][vc_empty_space height=&#8221;10px&#8221;][vc_single_image image=&#8221;765&#8243; img_size=&#8221;medium&#8221; alignment=&#8221;center&#8221; onclick=&#8221;link_image&#8221;][vc_empty_space height=&#8221;10px&#8221;][\/vc_column][\/vc_row]<\/p>\n<\/div>","protected":false},"excerpt":{"rendered":"<p>[vc_row container=&#8221;1&#8243;][vc_column width=&#8221;2\/3&#8243; css=&#8221;.vc_custom_1478201336408{margin-top: 50px !important;padding-right: 30px !important;}&#8221;][vc_column_text] ENSINO O m\u00e9todo de ensino utilizado assenta sempre nas melhores e mais recentes tecnologias dispon\u00edveis, aprovadas pelo IMT, pois s\u00f3 assim poderemos atingir o objectivo de ensinar bem e satisfazer os nossos alunos atrav\u00e9s da oferta de servi\u00e7os da mais elevada qualidade. [\/vc_column_text][vc_column_text]TE\u00d3RICO Esta aplica\u00e7\u00e3o \u00e9 baseada<\/p>\n","protected":false},"author":1,"featured_media":0,"parent":0,"menu_order":0,"comment_status":"open","ping_status":"closed","template":"tpl-visual_composer.php","meta":{"footnotes":""},"class_list":["post-762","page","type-page","status-publish","hentry"],"aioseo_notices":[],"_links":{"self":[{"href":"https:\/\/ecav.pt\/index.php\/wp-json\/wp\/v2\/pages\/762","targetHints":{"allow":["GET"]}}],"collection":[{"href":"https:\/\/ecav.pt\/index.php\/wp-json\/wp\/v2\/pages"}],"about":[{"href":"https:\/\/ecav.pt\/index.php\/wp-json\/wp\/v2\/types\/page"}],"author":[{"embeddable":true,"href":"https:\/\/ecav.pt\/index.php\/wp-json\/wp\/v2\/users\/1"}],"replies":[{"embeddable":true,"href":"https:\/\/ecav.pt\/index.php\/wp-json\/wp\/v2\/comments?post=762"}],"version-history":[{"count":0,"href":"https:\/\/ecav.pt\/index.php\/wp-json\/wp\/v2\/pages\/762\/revisions"}],"wp:attachment":[{"href":"https:\/\/ecav.pt\/index.php\/wp-json\/wp\/v2\/media?parent=762"}],"curies":[{"name":"wp","href":"https:\/\/api.w.org\/{rel}","templated":true}]}}