{"id":966,"date":"2017-05-08T13:20:25","date_gmt":"2017-05-08T13:20:25","guid":{"rendered":"http:\/\/ecav.pt\/?page_id=966"},"modified":"2019-06-18T14:28:06","modified_gmt":"2019-06-18T14:28:06","slug":"porque-escolher-a-ecav","status":"publish","type":"page","link":"https:\/\/ecav.pt\/index.php\/porque-escolher-a-ecav\/","title":{"rendered":"Porqu\u00ea escolher a ECAV?"},"content":{"rendered":"<div class=\"wpb-content-wrapper\"><p>[vc_row container=&#8221;1&#8243;][vc_column width=&#8221;3\/4&#8243; css=&#8221;.vc_custom_1478201336408{margin-top: 50px !important;padding-right: 30px !important;}&#8221;][vc_row_inner][vc_column_inner width=&#8221;1\/2&#8243;][vc_single_image image=&#8221;996&#8243; img_size=&#8221;full&#8221;][vc_empty_space height=&#8221;20px&#8221;][\/vc_column_inner][vc_column_inner width=&#8221;1\/2&#8243;][vc_column_text]<\/p>\n<h4 style=\"text-align: justify;\"><strong>Na ECAV n\u00e3o temos pressa, \u00e9 devagar que se vai ao longe. <\/strong><\/h4>\n<p>&nbsp;<\/p>\n<p style=\"text-align: justify;\">Hoje em dia as pessoas vivem com pressa. Pressa para chegar ao trabalho, para voltar para casa, para come\u00e7ar as f\u00e9rias, para fazer compras, pressa a arrumar, a vestir e a cuidar dos filhos. Mas aprender a conduzir n\u00e3o \u00e9 algo que se deva fazer \u201ca correr\u201d.<\/p>\n<p style=\"text-align: justify;\">Sabemos que as tarefas de rotina ditam o hor\u00e1rio e, muitas vezes, n\u00e3o h\u00e1 tempo para pensar se estamos a fazer as melhores escolhas e acabamos por seguir o caminho mais f\u00e1cil, mais r\u00e1pido e mais barato. A nossa filosofia, por outro lado, privilegia a qualidade, tendo como objetivo principal formar bons condutores, no tempo certo. Porque sabemos que \u00e9 devagar que se vai ao longe.<\/p>\n<p>[\/vc_column_text][vc_empty_space height=&#8221;20px&#8221;][\/vc_column_inner][\/vc_row_inner][vc_row_inner][vc_column_inner width=&#8221;1\/2&#8243;][vc_column_text]<\/p>\n<h4 style=\"text-align: justify;\"><strong>Na ECAV sabemos o que implica andar na estrada.\u00a0 <\/strong><\/h4>\n<p>&nbsp;<\/p>\n<p style=\"text-align: justify;\">Tirar a carta de condu\u00e7\u00e3o e estar apto para andar na estrada \u00e9 uma grande responsabilidade e, por isso mesmo, n\u00e3o pode ser algo feito \u201ca despachar\u201d.\u00a0N\u00e3o queremos que os alunos decorem o significado dos sinais de tr\u00e2nsito e os limites de velocidades apenas para passar no exame te\u00f3rico.\u00a0Queremos formar condutores seguros e conscientes das regras de tr\u00e2nsito e do que implica andar na estrada e, para isso, \u00e9 preciso Tempo e Qualidade. Dois conceitos que andam de m\u00e3os dadas na ECAV.<\/p>\n<p>[\/vc_column_text][vc_empty_space height=&#8221;20px&#8221;][\/vc_column_inner][vc_column_inner width=&#8221;1\/2&#8243;][vc_single_image image=&#8221;999&#8243; img_size=&#8221;full&#8221;][vc_empty_space height=&#8221;20px&#8221;][\/vc_column_inner][\/vc_row_inner][vc_row_inner][vc_column_inner width=&#8221;1\/2&#8243;][vc_single_image image=&#8221;1002&#8243; img_size=&#8221;full&#8221;][vc_empty_space height=&#8221;20px&#8221;][\/vc_column_inner][vc_column_inner width=&#8221;1\/2&#8243;][vc_column_text]<\/p>\n<h4 style=\"text-align: justify;\"><strong>Na ECAV n\u00e3o passamos por cima das regras. <\/strong><\/h4>\n<p>&nbsp;<\/p>\n<p>Queremos p\u00f4r na estrada pessoas bem formadas.\u00a0N\u00e3o passamos por cima das regras, damos todas as aulas obrigat\u00f3rias facultadas por instrutores de excel\u00eancia, n\u00e3o tentamos acelerar ou demorar a marca\u00e7\u00e3o das provas de exame para nosso proveito e podemos dizer com orgulho que temos taxas de sucesso nos exames bastante acima da m\u00e9dia.<\/p>\n<p style=\"text-align: justify;\">N\u00e3o saltamos passos ou aulas durante a forma\u00e7\u00e3o e a verdade \u00e9 que muitos dos nossos alunos passam nos exames\u00a0\u00e0 primeira. Para bom condutor, meia forma\u00e7\u00e3o n\u00e3o basta! O caminho faz-se com princ\u00edpio, meio e fim.<\/p>\n<p>[\/vc_column_text][vc_empty_space height=&#8221;20px&#8221;][\/vc_column_inner][\/vc_row_inner][vc_row_inner][vc_column_inner width=&#8221;1\/2&#8243;][vc_column_text]<\/p>\n<h4 style=\"text-align: justify;\"><strong>Na ECAV temos o pre\u00e7o certo para a melhor qualidade.\u00a0 <\/strong><\/h4>\n<p>&nbsp;<\/p>\n<p style=\"text-align: justify;\">Na ECAV n\u00e3o h\u00e1 atalhos. N\u00e3o adianta querer apenas ter a carta de condu\u00e7\u00e3o na m\u00e3o, h\u00e1 que querer ser o melhor condutor poss\u00edvel. Disso depende o esfor\u00e7o pr\u00f3prio, mas tamb\u00e9m uma boa forma\u00e7\u00e3o. E,\u00a0j\u00e1 se sabe, a qualidade paga-se, como em qualquer artigo para a casa ou para n\u00f3s. Para qu\u00ea comprar barato se depois se estraga rapidamente? Se temos essa preocupa\u00e7\u00e3o na roupa que usamos ou nos aparelhos que compramos,\u00a0porque n\u00e3o ter o mesmo cuidado com a forma\u00e7\u00e3o de algo t\u00e3o importante como uma boa condu\u00e7\u00e3o?<\/p>\n<p style=\"text-align: justify;\">\u00c9 por isso que a ECAV\u00a0n\u00e3o pratica o pre\u00e7o mais baixo. Oferecemos uma forma\u00e7\u00e3o completa, feita no tempo certo, com a qualidade e o\u00a0<em>know-how<\/em>\u00a0de 55 anos de trabalho nesta \u00e1rea. \u00c9, sem d\u00favida, a melhor escolha que podes fazer!<\/p>\n<p>[\/vc_column_text][vc_empty_space height=&#8221;20px&#8221;][\/vc_column_inner][vc_column_inner width=&#8221;1\/2&#8243;][vc_single_image image=&#8221;1004&#8243; img_size=&#8221;full&#8221;][vc_empty_space height=&#8221;20px&#8221;][\/vc_column_inner][\/vc_row_inner][vc_row_inner][vc_column_inner width=&#8221;1\/2&#8243;][vc_single_image image=&#8221;1007&#8243; img_size=&#8221;full&#8221;][vc_empty_space height=&#8221;20px&#8221;][\/vc_column_inner][vc_column_inner width=&#8221;1\/2&#8243;][vc_column_text]<\/p>\n<h4 style=\"text-align: justify;\"><strong>ATENDIMENTO<\/strong><\/h4>\n<p>&nbsp;<\/p>\n<p style=\"text-align: justify;\">O atendimento \u00e9 um dos pilares e uma das Boas Raz\u00f5es que conduz os alunos a escolherem a ECAV.<\/p>\n<p style=\"text-align: justify;\">Temos um atendimento eficiente e focado na comodidade dos alunos. Queremos que conhe\u00e7am bem o funcionamento da escola, o que \u00e9 necess\u00e1rio para obter a carta de condu\u00e7\u00e3o e, sobretudo, que se sintam em casa. \u00c9 por isso que temos uma equipa dedicada e empenhada em informar e esclarecer as tuas d\u00favidas, ajudar-te na marca\u00e7\u00e3o das aulas e exames e sempre dispon\u00edvel para solucionar qualquer dificuldade que seja necess\u00e1ria.<\/p>\n<p style=\"text-align: justify;\">Estamos abertos de segunda a s\u00e1bado, com o hor\u00e1rio mais alargado do mercado, que associado ao bom atendimento \u00e9 o melhor cart\u00e3o-de-visita que te podemos oferecer. Ficamos \u00e0 tua espera!<\/p>\n<p>[\/vc_column_text][vc_empty_space height=&#8221;20px&#8221;][\/vc_column_inner][\/vc_row_inner][vc_empty_space][\/vc_column][vc_column width=&#8221;1\/4&#8243; css=&#8221;.vc_custom_1477931508847{margin-top: 50px !important;}&#8221;][vc_widget_sidebar sidebar_id=&#8221;blog-sidebar&#8221; el_class=&#8221;sidebar&#8221;][\/vc_column][\/vc_row]<\/p>\n<\/div>","protected":false},"excerpt":{"rendered":"<p>[vc_row container=&#8221;1&#8243;][vc_column width=&#8221;3\/4&#8243; css=&#8221;.vc_custom_1478201336408{margin-top: 50px !important;padding-right: 30px !important;}&#8221;][vc_row_inner][vc_column_inner width=&#8221;1\/2&#8243;][vc_single_image image=&#8221;996&#8243; img_size=&#8221;full&#8221;][vc_empty_space height=&#8221;20px&#8221;][\/vc_column_inner][vc_column_inner width=&#8221;1\/2&#8243;][vc_column_text] Na ECAV n\u00e3o temos pressa, \u00e9 devagar que se vai ao longe. &nbsp; Hoje em dia as pessoas vivem com pressa. Pressa para chegar ao trabalho, para voltar para casa, para come\u00e7ar as f\u00e9rias, para fazer compras, pressa a arrumar, a vestir<\/p>\n","protected":false},"author":1,"featured_media":0,"parent":0,"menu_order":0,"comment_status":"open","ping_status":"closed","template":"tpl-visual_composer.php","meta":{"footnotes":""},"class_list":["post-966","page","type-page","status-publish","hentry"],"aioseo_notices":[],"_links":{"self":[{"href":"https:\/\/ecav.pt\/index.php\/wp-json\/wp\/v2\/pages\/966","targetHints":{"allow":["GET"]}}],"collection":[{"href":"https:\/\/ecav.pt\/index.php\/wp-json\/wp\/v2\/pages"}],"about":[{"href":"https:\/\/ecav.pt\/index.php\/wp-json\/wp\/v2\/types\/page"}],"author":[{"embeddable":true,"href":"https:\/\/ecav.pt\/index.php\/wp-json\/wp\/v2\/users\/1"}],"replies":[{"embeddable":true,"href":"https:\/\/ecav.pt\/index.php\/wp-json\/wp\/v2\/comments?post=966"}],"version-history":[{"count":0,"href":"https:\/\/ecav.pt\/index.php\/wp-json\/wp\/v2\/pages\/966\/revisions"}],"wp:attachment":[{"href":"https:\/\/ecav.pt\/index.php\/wp-json\/wp\/v2\/media?parent=966"}],"curies":[{"name":"wp","href":"https:\/\/api.w.org\/{rel}","templated":true}]}}